{"id":29396,"date":"2022-11-04T15:31:48","date_gmt":"2022-11-04T13:31:48","guid":{"rendered":"https:\/\/priceless-taussig.185-125-174-90.plesk.page\/logiciels-services\/"},"modified":"2024-02-28T15:18:27","modified_gmt":"2024-02-28T13:18:27","slug":"logiciels-services","status":"publish","type":"page","link":"https:\/\/www.wyssenavalanche.com\/fr\/logiciels-services\/","title":{"rendered":"Logiciels &amp; Services"},"content":{"rendered":"\t\t<div data-elementor-type=\"wp-page\" data-elementor-id=\"29396\" class=\"elementor elementor-29396 elementor-27261\" data-elementor-post-type=\"page\">\n\t\t\t\t\t\t<section class=\"elementor-section elementor-top-section elementor-element elementor-element-3b5163e3 elementor-section-stretched elementor-section-boxed elementor-section-height-default elementor-section-height-default\" data-id=\"3b5163e3\" data-element_type=\"section\" data-e-type=\"section\" data-settings=\"{&quot;stretch_section&quot;:&quot;section-stretched&quot;,&quot;background_background&quot;:&quot;classic&quot;}\">\n\t\t\t\t\t\t<div class=\"elementor-container elementor-column-gap-default\">\n\t\t\t\t\t<div class=\"elementor-column elementor-col-100 elementor-top-column elementor-element elementor-element-7de81e46\" data-id=\"7de81e46\" data-element_type=\"column\" data-e-type=\"column\" data-settings=\"{&quot;background_background&quot;:&quot;classic&quot;}\">\n\t\t\t<div class=\"elementor-widget-wrap elementor-element-populated\">\n\t\t\t\t\t\t\t<\/div>\n\t\t<\/div>\n\t\t\t\t\t<\/div>\n\t\t<\/section>\n\t\t\t\t<section class=\"elementor-section elementor-top-section elementor-element elementor-element-5eed51b1 elementor-section-stretched elementor-section-full_width elementor-section-height-default elementor-section-height-default\" data-id=\"5eed51b1\" data-element_type=\"section\" data-e-type=\"section\" data-settings=\"{&quot;stretch_section&quot;:&quot;section-stretched&quot;}\">\n\t\t\t\t\t\t\t<div class=\"elementor-background-overlay\"><\/div>\n\t\t\t\t\t\t\t<div class=\"elementor-container elementor-column-gap-default\">\n\t\t\t\t\t<div class=\"elementor-column elementor-col-100 elementor-top-column elementor-element elementor-element-3e28d356\" data-id=\"3e28d356\" data-element_type=\"column\" data-e-type=\"column\">\n\t\t\t<div class=\"elementor-widget-wrap elementor-element-populated\">\n\t\t\t\t\t\t<div class=\"elementor-element elementor-element-256c1c8c elementor-widget elementor-widget-spacer\" data-id=\"256c1c8c\" data-element_type=\"widget\" data-e-type=\"widget\" data-widget_type=\"spacer.default\">\n\t\t\t\t<div class=\"elementor-widget-container\">\n\t\t\t\t\t\t\t<div class=\"elementor-spacer\">\n\t\t\t<div class=\"elementor-spacer-inner\"><\/div>\n\t\t<\/div>\n\t\t\t\t\t\t<\/div>\n\t\t\t\t<\/div>\n\t\t\t\t<section class=\"elementor-section elementor-inner-section elementor-element elementor-element-6a706df2 elementor-section-boxed elementor-section-height-default elementor-section-height-default\" data-id=\"6a706df2\" data-element_type=\"section\" data-e-type=\"section\">\n\t\t\t\t\t\t<div class=\"elementor-container elementor-column-gap-default\">\n\t\t\t\t\t<div class=\"elementor-column elementor-col-50 elementor-inner-column elementor-element elementor-element-42147360\" data-id=\"42147360\" data-element_type=\"column\" data-e-type=\"column\">\n\t\t\t<div class=\"elementor-widget-wrap elementor-element-populated\">\n\t\t\t\t\t\t<div class=\"elementor-element elementor-element-745a1bf5 elementor-position-top elementor-widget elementor-widget-image-box\" data-id=\"745a1bf5\" data-element_type=\"widget\" data-e-type=\"widget\" data-widget_type=\"image-box.default\">\n\t\t\t\t<div class=\"elementor-widget-container\">\n\t\t\t\t\t<div class=\"elementor-image-box-wrapper\"><figure class=\"elementor-image-box-img\"><a href=\"https:\/\/www.wyssenavalanche.com\/fr\/logiciels-services\/wac-3-cockpit-et-modules-supplementaires\/\" tabindex=\"-1\"><img fetchpriority=\"high\" decoding=\"async\" width=\"1000\" height=\"1000\" src=\"https:\/\/www.wyssenavalanche.com\/wp-content\/uploads\/2022\/08\/wac.3_cockpit_background.jpg\" class=\"attachment-1536x1536 size-1536x1536 wp-image-24498\" alt=\"\" srcset=\"https:\/\/www.wyssenavalanche.com\/wp-content\/uploads\/2022\/08\/wac.3_cockpit_background.jpg 1000w, https:\/\/www.wyssenavalanche.com\/wp-content\/uploads\/2022\/08\/wac.3_cockpit_background-300x300.jpg 300w, https:\/\/www.wyssenavalanche.com\/wp-content\/uploads\/2022\/08\/wac.3_cockpit_background-150x150.jpg 150w, https:\/\/www.wyssenavalanche.com\/wp-content\/uploads\/2022\/08\/wac.3_cockpit_background-768x768.jpg 768w\" sizes=\"(max-width: 1000px) 100vw, 1000px\" \/><\/a><\/figure><div class=\"elementor-image-box-content\"><h4 class=\"elementor-image-box-title\"><a href=\"https:\/\/www.wyssenavalanche.com\/fr\/logiciels-services\/wac-3-cockpit-et-modules-supplementaires\/\">WAC.3<sup>\u00ae<\/sup> COCKPIT ET MODULES SUPPL\u00c9MENTAIRES<\/a><\/h4><p class=\"elementor-image-box-description\"><br>L'int\u00e9gration de toutes les technologies, de tous les syst\u00e8mes et de toutes les informations sur une seule plateforme.<\/p><\/div><\/div>\t\t\t\t<\/div>\n\t\t\t\t<\/div>\n\t\t\t\t\t<\/div>\n\t\t<\/div>\n\t\t\t\t<div class=\"elementor-column elementor-col-50 elementor-inner-column elementor-element elementor-element-55f36bef\" data-id=\"55f36bef\" data-element_type=\"column\" data-e-type=\"column\">\n\t\t\t<div class=\"elementor-widget-wrap elementor-element-populated\">\n\t\t\t\t\t\t<div class=\"elementor-element elementor-element-55c32ae5 elementor-position-top elementor-widget elementor-widget-image-box\" data-id=\"55c32ae5\" data-element_type=\"widget\" data-e-type=\"widget\" data-widget_type=\"image-box.default\">\n\t\t\t\t<div class=\"elementor-widget-container\">\n\t\t\t\t\t<div class=\"elementor-image-box-wrapper\"><figure class=\"elementor-image-box-img\"><a href=\"https:\/\/www.wyssenavalanche.com\/fr\/logiciels-services\/wyssen-risk-solutions-service-complet-dexecution\/\" tabindex=\"-1\"><img decoding=\"async\" width=\"1000\" height=\"1000\" src=\"https:\/\/www.wyssenavalanche.com\/wp-content\/uploads\/2022\/08\/wyssen_risk_solutions_background.jpg\" class=\"attachment-1536x1536 size-1536x1536 wp-image-24497\" alt=\"\" srcset=\"https:\/\/www.wyssenavalanche.com\/wp-content\/uploads\/2022\/08\/wyssen_risk_solutions_background.jpg 1000w, https:\/\/www.wyssenavalanche.com\/wp-content\/uploads\/2022\/08\/wyssen_risk_solutions_background-300x300.jpg 300w, https:\/\/www.wyssenavalanche.com\/wp-content\/uploads\/2022\/08\/wyssen_risk_solutions_background-150x150.jpg 150w, https:\/\/www.wyssenavalanche.com\/wp-content\/uploads\/2022\/08\/wyssen_risk_solutions_background-768x768.jpg 768w\" sizes=\"(max-width: 1000px) 100vw, 1000px\" \/><\/a><\/figure><div class=\"elementor-image-box-content\"><h4 class=\"elementor-image-box-title\"><a href=\"https:\/\/www.wyssenavalanche.com\/fr\/logiciels-services\/wyssen-risk-solutions-service-complet-dexecution\/\">WYSSEN RISK SOLUTIONS<\/a><\/h4><p class=\"elementor-image-box-description\"><br> Wyssen Risk Solutions, votre partenaire pour des solutions compl\u00e8tes dans la gestion des risques d\u2018avalanches.<\/p><\/div><\/div>\t\t\t\t<\/div>\n\t\t\t\t<\/div>\n\t\t\t\t\t<\/div>\n\t\t<\/div>\n\t\t\t\t\t<\/div>\n\t\t<\/section>\n\t\t\t\t<div class=\"elementor-element elementor-element-5c278e83 elementor-widget elementor-widget-spacer\" data-id=\"5c278e83\" data-element_type=\"widget\" data-e-type=\"widget\" data-widget_type=\"spacer.default\">\n\t\t\t\t<div class=\"elementor-widget-container\">\n\t\t\t\t\t\t\t<div class=\"elementor-spacer\">\n\t\t\t<div class=\"elementor-spacer-inner\"><\/div>\n\t\t<\/div>\n\t\t\t\t\t\t<\/div>\n\t\t\t\t<\/div>\n\t\t\t\t\t<\/div>\n\t\t<\/div>\n\t\t\t\t\t<\/div>\n\t\t<\/section>\n\t\t\t\t<\/div>\n\t\t","protected":false},"excerpt":{"rendered":"<p>WAC.3\u00ae COCKPIT ET MODULES SUPPL\u00c9MENTAIRES L&rsquo;int\u00e9gration de toutes les technologies, de tous les syst\u00e8mes et de toutes les informations sur une seule plateforme. WYSSEN RISK SOLUTIONS Wyssen Risk Solutions, votre partenaire pour des solutions compl\u00e8tes dans la gestion des risques d\u2018avalanches.<\/p>\n","protected":false},"author":10,"featured_media":0,"parent":0,"menu_order":0,"comment_status":"open","ping_status":"closed","template":"","meta":{"site-sidebar-layout":"default","site-content-layout":"","ast-site-content-layout":"default","site-content-style":"default","site-sidebar-style":"default","ast-global-header-display":"","ast-banner-title-visibility":"","ast-main-header-display":"","ast-hfb-above-header-display":"","ast-hfb-below-header-display":"","ast-hfb-mobile-header-display":"","site-post-title":"","ast-breadcrumbs-content":"","ast-featured-img":"","footer-sml-layout":"","ast-disable-related-posts":"","theme-transparent-header-meta":"","adv-header-id-meta":"","stick-header-meta":"","header-above-stick-meta":"","header-main-stick-meta":"","header-below-stick-meta":"","astra-migrate-meta-layouts":"default","ast-page-background-enabled":"default","ast-page-background-meta":{"desktop":{"background-color":"var(--ast-global-color-4)","background-image":"","background-repeat":"repeat","background-position":"center center","background-size":"auto","background-attachment":"scroll","background-type":"","background-media":"","overlay-type":"","overlay-color":"","overlay-opacity":"","overlay-gradient":""},"tablet":{"background-color":"","background-image":"","background-repeat":"repeat","background-position":"center center","background-size":"auto","background-attachment":"scroll","background-type":"","background-media":"","overlay-type":"","overlay-color":"","overlay-opacity":"","overlay-gradient":""},"mobile":{"background-color":"","background-image":"","background-repeat":"repeat","background-position":"center center","background-size":"auto","background-attachment":"scroll","background-type":"","background-media":"","overlay-type":"","overlay-color":"","overlay-opacity":"","overlay-gradient":""}},"ast-content-background-meta":{"desktop":{"background-color":"var(--ast-global-color-5)","background-image":"","background-repeat":"repeat","background-position":"center center","background-size":"auto","background-attachment":"scroll","background-type":"","background-media":"","overlay-type":"","overlay-color":"","overlay-opacity":"","overlay-gradient":""},"tablet":{"background-color":"var(--ast-global-color-5)","background-image":"","background-repeat":"repeat","background-position":"center center","background-size":"auto","background-attachment":"scroll","background-type":"","background-media":"","overlay-type":"","overlay-color":"","overlay-opacity":"","overlay-gradient":""},"mobile":{"background-color":"var(--ast-global-color-5)","background-image":"","background-repeat":"repeat","background-position":"center center","background-size":"auto","background-attachment":"scroll","background-type":"","background-media":"","overlay-type":"","overlay-color":"","overlay-opacity":"","overlay-gradient":""}},"footnotes":""},"class_list":["post-29396","page","type-page","status-publish","hentry"],"yoast_head":"<!-- This site is optimized with the Yoast SEO plugin v27.4 - https:\/\/yoast.com\/product\/yoast-seo-wordpress\/ -->\n<title>Logiciels &amp; Services &#8226; Wyssen Avalanche%<\/title>\n<meta name=\"description\" content=\"L&#039;aper\u00e7u de nos logiciels &amp; services pour les mesures de protection contre les avalanches: WAC.3\u00ae Cockpit et modules compl\u00e9mentaires ainsi que Wyssen Risk Solutions.\" \/>\n<meta name=\"robots\" content=\"index, follow, max-snippet:-1, max-image-preview:large, max-video-preview:-1\" \/>\n<link rel=\"canonical\" href=\"https:\/\/www.wyssenavalanche.com\/fr\/logiciels-services\/\" \/>\n<meta property=\"og:locale\" content=\"fr_FR\" \/>\n<meta property=\"og:type\" content=\"article\" \/>\n<meta property=\"og:title\" content=\"Logiciels &amp; Services &#8226; Wyssen Avalanche%\" \/>\n<meta property=\"og:description\" content=\"L&#039;aper\u00e7u de nos logiciels &amp; services pour les mesures de protection contre les avalanches: WAC.3\u00ae Cockpit et modules compl\u00e9mentaires ainsi que Wyssen Risk Solutions.\" \/>\n<meta property=\"og:url\" content=\"https:\/\/www.wyssenavalanche.com\/fr\/logiciels-services\/\" \/>\n<meta property=\"og:site_name\" content=\"Wyssen Avalanche\" \/>\n<meta property=\"article:publisher\" content=\"https:\/\/www.facebook.com\/wyssenavalanche\/\" \/>\n<meta property=\"article:modified_time\" content=\"2024-02-28T13:18:27+00:00\" \/>\n<meta property=\"og:image\" content=\"https:\/\/www.wyssenavalanche.com\/wp-content\/uploads\/2022\/08\/wac.3_cockpit_background.jpg\" \/>\n<script type=\"application\/ld+json\" class=\"yoast-schema-graph\">{\"@context\":\"https:\\\/\\\/schema.org\",\"@graph\":[{\"@type\":\"WebPage\",\"@id\":\"https:\\\/\\\/www.wyssenavalanche.com\\\/fr\\\/logiciels-services\\\/\",\"url\":\"https:\\\/\\\/www.wyssenavalanche.com\\\/fr\\\/logiciels-services\\\/\",\"name\":\"Logiciels &amp; Services &#8226; Wyssen Avalanche%\",\"isPartOf\":{\"@id\":\"https:\\\/\\\/www.wyssenavalanche.com\\\/#website\"},\"primaryImageOfPage\":{\"@id\":\"https:\\\/\\\/www.wyssenavalanche.com\\\/fr\\\/logiciels-services\\\/#primaryimage\"},\"image\":{\"@id\":\"https:\\\/\\\/www.wyssenavalanche.com\\\/fr\\\/logiciels-services\\\/#primaryimage\"},\"thumbnailUrl\":\"https:\\\/\\\/www.wyssenavalanche.com\\\/wp-content\\\/uploads\\\/2022\\\/08\\\/wac.3_cockpit_background.jpg\",\"datePublished\":\"2022-11-04T13:31:48+00:00\",\"dateModified\":\"2024-02-28T13:18:27+00:00\",\"description\":\"L'aper\u00e7u de nos logiciels & services pour les mesures de protection contre les avalanches: WAC.3\u00ae Cockpit et modules compl\u00e9mentaires ainsi que Wyssen Risk Solutions.\",\"breadcrumb\":{\"@id\":\"https:\\\/\\\/www.wyssenavalanche.com\\\/fr\\\/logiciels-services\\\/#breadcrumb\"},\"inLanguage\":\"fr-FR\",\"potentialAction\":[{\"@type\":\"ReadAction\",\"target\":[\"https:\\\/\\\/www.wyssenavalanche.com\\\/fr\\\/logiciels-services\\\/\"]}]},{\"@type\":\"ImageObject\",\"inLanguage\":\"fr-FR\",\"@id\":\"https:\\\/\\\/www.wyssenavalanche.com\\\/fr\\\/logiciels-services\\\/#primaryimage\",\"url\":\"https:\\\/\\\/www.wyssenavalanche.com\\\/wp-content\\\/uploads\\\/2022\\\/08\\\/wac.3_cockpit_background.jpg\",\"contentUrl\":\"https:\\\/\\\/www.wyssenavalanche.com\\\/wp-content\\\/uploads\\\/2022\\\/08\\\/wac.3_cockpit_background.jpg\"},{\"@type\":\"BreadcrumbList\",\"@id\":\"https:\\\/\\\/www.wyssenavalanche.com\\\/fr\\\/logiciels-services\\\/#breadcrumb\",\"itemListElement\":[{\"@type\":\"ListItem\",\"position\":1,\"name\":\"Home\",\"item\":\"https:\\\/\\\/www.wyssenavalanche.com\\\/fr\\\/wyssen-avalanche-control-ag\\\/\"},{\"@type\":\"ListItem\",\"position\":2,\"name\":\"Logiciels &amp; Services\"}]},{\"@type\":\"WebSite\",\"@id\":\"https:\\\/\\\/www.wyssenavalanche.com\\\/#website\",\"url\":\"https:\\\/\\\/www.wyssenavalanche.com\\\/\",\"name\":\"Wyssen Avalanche Control AG\",\"description\":\"\",\"publisher\":{\"@id\":\"https:\\\/\\\/www.wyssenavalanche.com\\\/#organization\"},\"potentialAction\":[{\"@type\":\"SearchAction\",\"target\":{\"@type\":\"EntryPoint\",\"urlTemplate\":\"https:\\\/\\\/www.wyssenavalanche.com\\\/?s={search_term_string}\"},\"query-input\":{\"@type\":\"PropertyValueSpecification\",\"valueRequired\":true,\"valueName\":\"search_term_string\"}}],\"inLanguage\":\"fr-FR\"},{\"@type\":\"Organization\",\"@id\":\"https:\\\/\\\/www.wyssenavalanche.com\\\/#organization\",\"name\":\"Wyssen Avalanche Control AG\",\"url\":\"https:\\\/\\\/www.wyssenavalanche.com\\\/\",\"logo\":{\"@type\":\"ImageObject\",\"inLanguage\":\"fr-FR\",\"@id\":\"https:\\\/\\\/www.wyssenavalanche.com\\\/#\\\/schema\\\/logo\\\/image\\\/\",\"url\":\"https:\\\/\\\/www.wyssenavalanche.com\\\/wp-content\\\/uploads\\\/2021\\\/09\\\/cropped-wyssen_logo_header-1.png\",\"contentUrl\":\"https:\\\/\\\/www.wyssenavalanche.com\\\/wp-content\\\/uploads\\\/2021\\\/09\\\/cropped-wyssen_logo_header-1.png\",\"width\":200,\"height\":31,\"caption\":\"Wyssen Avalanche Control AG\"},\"image\":{\"@id\":\"https:\\\/\\\/www.wyssenavalanche.com\\\/#\\\/schema\\\/logo\\\/image\\\/\"},\"sameAs\":[\"https:\\\/\\\/www.facebook.com\\\/wyssenavalanche\\\/\"]}]}<\/script>\n<!-- \/ Yoast SEO plugin. -->","yoast_head_json":{"title":"Logiciels &amp; Services &#8226; Wyssen Avalanche%","description":"L'aper\u00e7u de nos logiciels & services pour les mesures de protection contre les avalanches: WAC.3\u00ae Cockpit et modules compl\u00e9mentaires ainsi que Wyssen Risk Solutions.","robots":{"index":"index","follow":"follow","max-snippet":"max-snippet:-1","max-image-preview":"max-image-preview:large","max-video-preview":"max-video-preview:-1"},"canonical":"https:\/\/www.wyssenavalanche.com\/fr\/logiciels-services\/","og_locale":"fr_FR","og_type":"article","og_title":"Logiciels &amp; Services &#8226; Wyssen Avalanche%","og_description":"L'aper\u00e7u de nos logiciels & services pour les mesures de protection contre les avalanches: WAC.3\u00ae Cockpit et modules compl\u00e9mentaires ainsi que Wyssen Risk Solutions.","og_url":"https:\/\/www.wyssenavalanche.com\/fr\/logiciels-services\/","og_site_name":"Wyssen Avalanche","article_publisher":"https:\/\/www.facebook.com\/wyssenavalanche\/","article_modified_time":"2024-02-28T13:18:27+00:00","og_image":[{"url":"https:\/\/www.wyssenavalanche.com\/wp-content\/uploads\/2022\/08\/wac.3_cockpit_background.jpg","type":"","width":"","height":""}],"schema":{"@context":"https:\/\/schema.org","@graph":[{"@type":"WebPage","@id":"https:\/\/www.wyssenavalanche.com\/fr\/logiciels-services\/","url":"https:\/\/www.wyssenavalanche.com\/fr\/logiciels-services\/","name":"Logiciels &amp; Services &#8226; Wyssen Avalanche%","isPartOf":{"@id":"https:\/\/www.wyssenavalanche.com\/#website"},"primaryImageOfPage":{"@id":"https:\/\/www.wyssenavalanche.com\/fr\/logiciels-services\/#primaryimage"},"image":{"@id":"https:\/\/www.wyssenavalanche.com\/fr\/logiciels-services\/#primaryimage"},"thumbnailUrl":"https:\/\/www.wyssenavalanche.com\/wp-content\/uploads\/2022\/08\/wac.3_cockpit_background.jpg","datePublished":"2022-11-04T13:31:48+00:00","dateModified":"2024-02-28T13:18:27+00:00","description":"L'aper\u00e7u de nos logiciels & services pour les mesures de protection contre les avalanches: WAC.3\u00ae Cockpit et modules compl\u00e9mentaires ainsi que Wyssen Risk Solutions.","breadcrumb":{"@id":"https:\/\/www.wyssenavalanche.com\/fr\/logiciels-services\/#breadcrumb"},"inLanguage":"fr-FR","potentialAction":[{"@type":"ReadAction","target":["https:\/\/www.wyssenavalanche.com\/fr\/logiciels-services\/"]}]},{"@type":"ImageObject","inLanguage":"fr-FR","@id":"https:\/\/www.wyssenavalanche.com\/fr\/logiciels-services\/#primaryimage","url":"https:\/\/www.wyssenavalanche.com\/wp-content\/uploads\/2022\/08\/wac.3_cockpit_background.jpg","contentUrl":"https:\/\/www.wyssenavalanche.com\/wp-content\/uploads\/2022\/08\/wac.3_cockpit_background.jpg"},{"@type":"BreadcrumbList","@id":"https:\/\/www.wyssenavalanche.com\/fr\/logiciels-services\/#breadcrumb","itemListElement":[{"@type":"ListItem","position":1,"name":"Home","item":"https:\/\/www.wyssenavalanche.com\/fr\/wyssen-avalanche-control-ag\/"},{"@type":"ListItem","position":2,"name":"Logiciels &amp; Services"}]},{"@type":"WebSite","@id":"https:\/\/www.wyssenavalanche.com\/#website","url":"https:\/\/www.wyssenavalanche.com\/","name":"Wyssen Avalanche Control AG","description":"","publisher":{"@id":"https:\/\/www.wyssenavalanche.com\/#organization"},"potentialAction":[{"@type":"SearchAction","target":{"@type":"EntryPoint","urlTemplate":"https:\/\/www.wyssenavalanche.com\/?s={search_term_string}"},"query-input":{"@type":"PropertyValueSpecification","valueRequired":true,"valueName":"search_term_string"}}],"inLanguage":"fr-FR"},{"@type":"Organization","@id":"https:\/\/www.wyssenavalanche.com\/#organization","name":"Wyssen Avalanche Control AG","url":"https:\/\/www.wyssenavalanche.com\/","logo":{"@type":"ImageObject","inLanguage":"fr-FR","@id":"https:\/\/www.wyssenavalanche.com\/#\/schema\/logo\/image\/","url":"https:\/\/www.wyssenavalanche.com\/wp-content\/uploads\/2021\/09\/cropped-wyssen_logo_header-1.png","contentUrl":"https:\/\/www.wyssenavalanche.com\/wp-content\/uploads\/2021\/09\/cropped-wyssen_logo_header-1.png","width":200,"height":31,"caption":"Wyssen Avalanche Control AG"},"image":{"@id":"https:\/\/www.wyssenavalanche.com\/#\/schema\/logo\/image\/"},"sameAs":["https:\/\/www.facebook.com\/wyssenavalanche\/"]}]}},"_links":{"self":[{"href":"https:\/\/www.wyssenavalanche.com\/fr\/wp-json\/wp\/v2\/pages\/29396","targetHints":{"allow":["GET"]}}],"collection":[{"href":"https:\/\/www.wyssenavalanche.com\/fr\/wp-json\/wp\/v2\/pages"}],"about":[{"href":"https:\/\/www.wyssenavalanche.com\/fr\/wp-json\/wp\/v2\/types\/page"}],"author":[{"embeddable":true,"href":"https:\/\/www.wyssenavalanche.com\/fr\/wp-json\/wp\/v2\/users\/10"}],"replies":[{"embeddable":true,"href":"https:\/\/www.wyssenavalanche.com\/fr\/wp-json\/wp\/v2\/comments?post=29396"}],"version-history":[{"count":9,"href":"https:\/\/www.wyssenavalanche.com\/fr\/wp-json\/wp\/v2\/pages\/29396\/revisions"}],"predecessor-version":[{"id":34801,"href":"https:\/\/www.wyssenavalanche.com\/fr\/wp-json\/wp\/v2\/pages\/29396\/revisions\/34801"}],"wp:attachment":[{"href":"https:\/\/www.wyssenavalanche.com\/fr\/wp-json\/wp\/v2\/media?parent=29396"}],"curies":[{"name":"wp","href":"https:\/\/api.w.org\/{rel}","templated":true}]}}