{"id":29503,"date":"2022-11-16T16:07:15","date_gmt":"2022-11-16T14:07:15","guid":{"rendered":"https:\/\/priceless-taussig.185-125-174-90.plesk.page\/postes-a-pourvoir\/"},"modified":"2022-11-16T16:12:32","modified_gmt":"2022-11-16T14:12:32","slug":"postes-a-pourvoir","status":"publish","type":"page","link":"https:\/\/www.wyssenavalanche.com\/fr\/postes-a-pourvoir\/","title":{"rendered":"Postes \u00e0 pourvoir"},"content":{"rendered":"\t\t<div data-elementor-type=\"wp-page\" data-elementor-id=\"29503\" class=\"elementor elementor-29503 elementor-27945\" data-elementor-post-type=\"page\">\n\t\t\t\t\t\t<section class=\"elementor-section elementor-top-section elementor-element elementor-element-571ad738 elementor-section-stretched elementor-section-boxed elementor-section-height-default elementor-section-height-default\" data-id=\"571ad738\" data-element_type=\"section\" data-e-type=\"section\" data-settings=\"{&quot;stretch_section&quot;:&quot;section-stretched&quot;,&quot;background_background&quot;:&quot;classic&quot;}\">\n\t\t\t\t\t\t<div class=\"elementor-container elementor-column-gap-default\">\n\t\t\t\t\t<div class=\"elementor-column elementor-col-100 elementor-top-column elementor-element elementor-element-65f92c93\" data-id=\"65f92c93\" data-element_type=\"column\" data-e-type=\"column\" data-settings=\"{&quot;background_background&quot;:&quot;classic&quot;}\">\n\t\t\t<div class=\"elementor-widget-wrap elementor-element-populated\">\n\t\t\t\t\t\t\t<\/div>\n\t\t<\/div>\n\t\t\t\t\t<\/div>\n\t\t<\/section>\n\t\t\t\t<section class=\"elementor-section elementor-top-section elementor-element elementor-element-5fbdfb6c elementor-section-full_width elementor-section-stretched elementor-section-height-default elementor-section-height-default\" data-id=\"5fbdfb6c\" data-element_type=\"section\" data-e-type=\"section\" data-settings=\"{&quot;stretch_section&quot;:&quot;section-stretched&quot;,&quot;background_background&quot;:&quot;classic&quot;}\">\n\t\t\t\t\t\t<div class=\"elementor-container elementor-column-gap-default\">\n\t\t\t\t\t<div class=\"elementor-column elementor-col-100 elementor-top-column elementor-element elementor-element-72cef20a\" data-id=\"72cef20a\" data-element_type=\"column\" data-e-type=\"column\">\n\t\t\t<div class=\"elementor-widget-wrap elementor-element-populated\">\n\t\t\t\t\t\t<section class=\"elementor-section elementor-inner-section elementor-element elementor-element-8973aa8 elementor-section-boxed elementor-section-height-default elementor-section-height-default\" data-id=\"8973aa8\" data-element_type=\"section\" data-e-type=\"section\">\n\t\t\t\t\t\t<div class=\"elementor-container elementor-column-gap-default\">\n\t\t\t\t\t<div class=\"elementor-column elementor-col-50 elementor-inner-column elementor-element elementor-element-1dc7536\" data-id=\"1dc7536\" data-element_type=\"column\" data-e-type=\"column\">\n\t\t\t<div class=\"elementor-widget-wrap\">\n\t\t\t\t\t\t\t<\/div>\n\t\t<\/div>\n\t\t\t\t<div class=\"elementor-column elementor-col-50 elementor-inner-column elementor-element elementor-element-273bb81\" data-id=\"273bb81\" data-element_type=\"column\" data-e-type=\"column\">\n\t\t\t<div class=\"elementor-widget-wrap elementor-element-populated\">\n\t\t\t\t\t\t<div class=\"elementor-element elementor-element-d1d0ecd elementor-widget elementor-widget-spacer\" data-id=\"d1d0ecd\" data-element_type=\"widget\" data-e-type=\"widget\" data-widget_type=\"spacer.default\">\n\t\t\t\t<div class=\"elementor-widget-container\">\n\t\t\t\t\t\t\t<div class=\"elementor-spacer\">\n\t\t\t<div class=\"elementor-spacer-inner\"><\/div>\n\t\t<\/div>\n\t\t\t\t\t\t<\/div>\n\t\t\t\t<\/div>\n\t\t\t\t<div class=\"elementor-element elementor-element-4999796 elementor-widget elementor-widget-uael-infobox\" data-id=\"4999796\" data-element_type=\"widget\" data-e-type=\"widget\" data-widget_type=\"uael-infobox.default\">\n\t\t\t\t<div class=\"elementor-widget-container\">\n\t\t\t\t\t\n<div class=\"uael-module-content uael-infobox uael-imgicon-style-normal  uael-infobox-left  infobox-has-icon uael-infobox-icon-left-title  uael-infobox-image-valign-top  uael-infobox-link-type-none\">\n\t<div class=\"uael-infobox-left-right-wrap\">\n\t\t\t\t\t\t<div class=\"uael-infobox-content\">\n\t\t\t\t\t\t<div class=\"left-title-image\">\t\t\t\t<div class=\"uael-module-content uael-imgicon-wrap \">\t\t\t\t\t\t\t\t\t\t\t\t\t\t\t\t\t\t<div class=\"uael-icon-wrap elementor-animation-\">\n\t\t\t\t\t\t\t\t<span class=\"uael-icon\">\n\t\t\t\t\t\t\t\t\t<i aria-hidden=\"true\" class=\"fas fa-paperclip\"><\/i>\t\t\t\t\t\t\t\t<\/span>\n\t\t\t\t\t\t\t<\/div>\n\t\t\t\t\t\t\t\n\t\t\t\t\t\t\t\t\t\t\t\t\t\t<\/div>\n\t\t\t\t<div class='uael-infobox-title-wrap'><h2 class=\"uael-infobox-title-prefix elementor-inline-editing\" data-elementor-setting-key=\"infobox_title_prefix\" data-elementor-inline-editing-toolbar=\"basic\" >Emplois<\/h2><h3 class=\"uael-infobox-title elementor-inline-editing\" data-elementor-setting-key=\"infobox_title\" data-elementor-inline-editing-toolbar=\"basic\" >Tous les postes sont pourvus.<\/h3><\/div><\/div>\t\t\t\t\t\t\t\t\t<div class=\"uael-infobox-text-wrap\">\n\t\t\t\t<div class=\"uael-infobox-text elementor-inline-editing\" data-elementor-setting-key=\"infobox_description\" data-elementor-inline-editing-toolbar=\"advanced\">\n\t\t\t\t\tCependant, nous sommes toujours int\u00e9ress\u00e9s par des personnalit\u00e9s dynamiques, motiv\u00e9es et flexibles, qui aiment la nature et la technique.\nM\u00eame si nous n\u2019avons pas de poste \u00e0 pourvoir en ce moment, n\u2019h\u00e9sitez pas \u00e0 nous contacter si vous \u00eates int\u00e9ress\u00e9 par un travail passionnant et diversifi\u00e9. \nEnvoyez-nous votre candidature spontan\u00e9e si vous \u00eates \u00e0 la recherche de nouveaux d\u00e9fis. \n\t\t\t\t<\/div>\n\t\t\t\t\t\n\t\t\t\t\t\t\t<\/div>\n\t\t<\/div>\n\t\t\t<\/div>\n<\/div>\n\t\t\t\t<\/div>\n\t\t\t\t<\/div>\n\t\t\t\t<div class=\"elementor-element elementor-element-a750c7c elementor-widget elementor-widget-spacer\" data-id=\"a750c7c\" data-element_type=\"widget\" data-e-type=\"widget\" data-widget_type=\"spacer.default\">\n\t\t\t\t<div class=\"elementor-widget-container\">\n\t\t\t\t\t\t\t<div class=\"elementor-spacer\">\n\t\t\t<div class=\"elementor-spacer-inner\"><\/div>\n\t\t<\/div>\n\t\t\t\t\t\t<\/div>\n\t\t\t\t<\/div>\n\t\t\t\t<div class=\"elementor-element elementor-element-7fd4093 elementor-widget elementor-widget-uael-infobox\" data-id=\"7fd4093\" data-element_type=\"widget\" data-e-type=\"widget\" data-widget_type=\"uael-infobox.default\">\n\t\t\t\t<div class=\"elementor-widget-container\">\n\t\t\t\t\t\n<div class=\"uael-module-content uael-infobox uael-imgicon-style-normal  uael-infobox-right  infobox-has-icon uael-infobox-icon-right-title  uael-infobox-image-valign-top  uael-infobox-link-type-none\">\n\t<div class=\"uael-infobox-left-right-wrap\">\n\t\t\t\t\t\t<div class=\"uael-infobox-content\">\n\t\t\t\t\t\t<div class=\"right-title-image\"><div class='uael-infobox-title-wrap'><h2 class=\"uael-infobox-title-prefix elementor-inline-editing\" data-elementor-setting-key=\"infobox_title_prefix\" data-elementor-inline-editing-toolbar=\"basic\" >Contact<\/h2><\/div>\t\t\t\t<div class=\"uael-module-content uael-imgicon-wrap \">\t\t\t\t\t\t\t\t\t\t\t\t\t\t\t\t\t\t<div class=\"uael-icon-wrap elementor-animation-\">\n\t\t\t\t\t\t\t\t<span class=\"uael-icon\">\n\t\t\t\t\t\t\t\t\t<i aria-hidden=\"true\" class=\"fas fa-edit\"><\/i>\t\t\t\t\t\t\t\t<\/span>\n\t\t\t\t\t\t\t<\/div>\n\t\t\t\t\t\t\t\n\t\t\t\t\t\t\t\t\t\t\t\t\t\t<\/div>\n\t\t\t\t<\/div>\t\t\t\t\t\t\t\t\t<div class=\"uael-infobox-text-wrap\">\n\t\t\t\t<div class=\"uael-infobox-text elementor-inline-editing\" data-elementor-setting-key=\"infobox_description\" data-elementor-inline-editing-toolbar=\"advanced\">\n\t\t\t\t\t<b>Wyssen Avalanche Control AG<\/b> <br>\nCH - 3713 Reichenbach i.K. <br>\n+41 33 676 76 76  <br>\n<b> avalanche@wyssen.com<\/b>\t\t\t\t<\/div>\n\t\t\t\t\t\n\t\t\t\t\t\t\t<\/div>\n\t\t<\/div>\n\t\t\t<\/div>\n<\/div>\n\t\t\t\t<\/div>\n\t\t\t\t<\/div>\n\t\t\t\t<div class=\"elementor-element elementor-element-df35284 elementor-align-right elementor-widget elementor-widget-button\" data-id=\"df35284\" data-element_type=\"widget\" data-e-type=\"widget\" data-widget_type=\"button.default\">\n\t\t\t\t<div class=\"elementor-widget-container\">\n\t\t\t\t\t\t\t\t\t<div class=\"elementor-button-wrapper\">\n\t\t\t\t\t<a class=\"elementor-button elementor-button-link elementor-size-sm\" href=\"mailto:avalanche@wyssen.com\">\n\t\t\t\t\t\t<span class=\"elementor-button-content-wrapper\">\n\t\t\t\t\t\t<span class=\"elementor-button-icon\">\n\t\t\t\t<i aria-hidden=\"true\" class=\"fas fa-envelope\"><\/i>\t\t\t<\/span>\n\t\t\t\t\t\t\t\t\t<span class=\"elementor-button-text\">Envoyer e-mail<\/span>\n\t\t\t\t\t<\/span>\n\t\t\t\t\t<\/a>\n\t\t\t\t<\/div>\n\t\t\t\t\t\t\t\t<\/div>\n\t\t\t\t<\/div>\n\t\t\t\t<div class=\"elementor-element elementor-element-7e3ad73 elementor-widget elementor-widget-spacer\" data-id=\"7e3ad73\" data-element_type=\"widget\" data-e-type=\"widget\" data-widget_type=\"spacer.default\">\n\t\t\t\t<div class=\"elementor-widget-container\">\n\t\t\t\t\t\t\t<div class=\"elementor-spacer\">\n\t\t\t<div class=\"elementor-spacer-inner\"><\/div>\n\t\t<\/div>\n\t\t\t\t\t\t<\/div>\n\t\t\t\t<\/div>\n\t\t\t\t\t<\/div>\n\t\t<\/div>\n\t\t\t\t\t<\/div>\n\t\t<\/section>\n\t\t\t\t\t<\/div>\n\t\t<\/div>\n\t\t\t\t\t<\/div>\n\t\t<\/section>\n\t\t\t\t<\/div>\n\t\t","protected":false},"excerpt":{"rendered":"<p>Emplois Tous les postes sont pourvus. Cependant, nous sommes toujours int\u00e9ress\u00e9s par des personnalit\u00e9s dynamiques, motiv\u00e9es et flexibles, qui aiment la nature et la technique. M\u00eame si nous n\u2019avons pas de poste \u00e0 pourvoir en ce moment, n\u2019h\u00e9sitez pas \u00e0 nous contacter si vous \u00eates int\u00e9ress\u00e9 par un travail passionnant et diversifi\u00e9. Envoyez-nous votre candidature [&hellip;]<\/p>\n","protected":false},"author":10,"featured_media":25882,"parent":0,"menu_order":0,"comment_status":"open","ping_status":"open","template":"elementor_header_footer","meta":{"site-sidebar-layout":"default","site-content-layout":"","ast-site-content-layout":"default","site-content-style":"default","site-sidebar-style":"default","ast-global-header-display":"","ast-banner-title-visibility":"","ast-main-header-display":"","ast-hfb-above-header-display":"","ast-hfb-below-header-display":"","ast-hfb-mobile-header-display":"","site-post-title":"","ast-breadcrumbs-content":"","ast-featured-img":"","footer-sml-layout":"","ast-disable-related-posts":"","theme-transparent-header-meta":"","adv-header-id-meta":"","stick-header-meta":"","header-above-stick-meta":"","header-main-stick-meta":"","header-below-stick-meta":"","astra-migrate-meta-layouts":"default","ast-page-background-enabled":"default","ast-page-background-meta":{"desktop":{"background-color":"var(--ast-global-color-4)","background-image":"","background-repeat":"repeat","background-position":"center center","background-size":"auto","background-attachment":"scroll","background-type":"","background-media":"","overlay-type":"","overlay-color":"","overlay-opacity":"","overlay-gradient":""},"tablet":{"background-color":"","background-image":"","background-repeat":"repeat","background-position":"center center","background-size":"auto","background-attachment":"scroll","background-type":"","background-media":"","overlay-type":"","overlay-color":"","overlay-opacity":"","overlay-gradient":""},"mobile":{"background-color":"","background-image":"","background-repeat":"repeat","background-position":"center center","background-size":"auto","background-attachment":"scroll","background-type":"","background-media":"","overlay-type":"","overlay-color":"","overlay-opacity":"","overlay-gradient":""}},"ast-content-background-meta":{"desktop":{"background-color":"var(--ast-global-color-5)","background-image":"","background-repeat":"repeat","background-position":"center center","background-size":"auto","background-attachment":"scroll","background-type":"","background-media":"","overlay-type":"","overlay-color":"","overlay-opacity":"","overlay-gradient":""},"tablet":{"background-color":"var(--ast-global-color-5)","background-image":"","background-repeat":"repeat","background-position":"center center","background-size":"auto","background-attachment":"scroll","background-type":"","background-media":"","overlay-type":"","overlay-color":"","overlay-opacity":"","overlay-gradient":""},"mobile":{"background-color":"var(--ast-global-color-5)","background-image":"","background-repeat":"repeat","background-position":"center center","background-size":"auto","background-attachment":"scroll","background-type":"","background-media":"","overlay-type":"","overlay-color":"","overlay-opacity":"","overlay-gradient":""}},"footnotes":""},"class_list":["post-29503","page","type-page","status-publish","has-post-thumbnail","hentry"],"yoast_head":"<!-- This site is optimized with the Yoast SEO plugin v27.4 - https:\/\/yoast.com\/product\/yoast-seo-wordpress\/ -->\n<title>Postes \u00e0 pourvoir<\/title>\n<meta name=\"robots\" content=\"index, follow, max-snippet:-1, max-image-preview:large, max-video-preview:-1\" \/>\n<link rel=\"canonical\" href=\"https:\/\/www.wyssenavalanche.com\/offene-stellen\/\" \/>\n<meta property=\"og:locale\" content=\"fr_FR\" \/>\n<meta property=\"og:type\" content=\"article\" \/>\n<meta property=\"og:title\" content=\"Postes \u00e0 pourvoir\" \/>\n<meta property=\"og:description\" content=\"Emplois Tous les postes sont pourvus. Cependant, nous sommes toujours int\u00e9ress\u00e9s par des personnalit\u00e9s dynamiques, motiv\u00e9es et flexibles, qui aiment la nature et la technique. M\u00eame si nous n\u2019avons pas de poste \u00e0 pourvoir en ce moment, n\u2019h\u00e9sitez pas \u00e0 nous contacter si vous \u00eates int\u00e9ress\u00e9 par un travail passionnant et diversifi\u00e9. Envoyez-nous votre candidature [&hellip;]\" \/>\n<meta property=\"og:url\" content=\"https:\/\/www.wyssenavalanche.com\/offene-stellen\/\" \/>\n<meta property=\"og:site_name\" content=\"Wyssen Avalanche\" \/>\n<meta property=\"article:publisher\" content=\"https:\/\/www.facebook.com\/wyssenavalanche\/\" \/>\n<meta property=\"article:modified_time\" content=\"2022-11-16T14:12:32+00:00\" \/>\n<meta property=\"og:image\" content=\"https:\/\/www.wyssenavalanche.com\/wp-content\/uploads\/2022\/10\/alta_1.jpg\" \/>\n\t<meta property=\"og:image:width\" content=\"1440\" \/>\n\t<meta property=\"og:image:height\" content=\"1920\" \/>\n\t<meta property=\"og:image:type\" content=\"image\/jpeg\" \/>\n<script type=\"application\/ld+json\" class=\"yoast-schema-graph\">{\"@context\":\"https:\\\/\\\/schema.org\",\"@graph\":[{\"@type\":\"WebPage\",\"@id\":\"https:\\\/\\\/www.wyssenavalanche.com\\\/offene-stellen\\\/\",\"url\":\"https:\\\/\\\/www.wyssenavalanche.com\\\/offene-stellen\\\/\",\"name\":\"Postes \u00e0 pourvoir\",\"isPartOf\":{\"@id\":\"https:\\\/\\\/www.wyssenavalanche.com\\\/#website\"},\"primaryImageOfPage\":{\"@id\":\"https:\\\/\\\/www.wyssenavalanche.com\\\/offene-stellen\\\/#primaryimage\"},\"image\":{\"@id\":\"https:\\\/\\\/www.wyssenavalanche.com\\\/offene-stellen\\\/#primaryimage\"},\"thumbnailUrl\":\"https:\\\/\\\/www.wyssenavalanche.com\\\/wp-content\\\/uploads\\\/2021\\\/12\\\/walenstadt_bau.jpg\",\"datePublished\":\"2022-11-16T14:07:15+00:00\",\"dateModified\":\"2022-11-16T14:12:32+00:00\",\"breadcrumb\":{\"@id\":\"https:\\\/\\\/www.wyssenavalanche.com\\\/offene-stellen\\\/#breadcrumb\"},\"inLanguage\":\"fr-FR\",\"potentialAction\":[{\"@type\":\"ReadAction\",\"target\":[\"https:\\\/\\\/www.wyssenavalanche.com\\\/offene-stellen\\\/\"]}]},{\"@type\":\"ImageObject\",\"inLanguage\":\"fr-FR\",\"@id\":\"https:\\\/\\\/www.wyssenavalanche.com\\\/offene-stellen\\\/#primaryimage\",\"url\":\"https:\\\/\\\/www.wyssenavalanche.com\\\/wp-content\\\/uploads\\\/2021\\\/12\\\/walenstadt_bau.jpg\",\"contentUrl\":\"https:\\\/\\\/www.wyssenavalanche.com\\\/wp-content\\\/uploads\\\/2021\\\/12\\\/walenstadt_bau.jpg\",\"width\":1920,\"height\":1280},{\"@type\":\"BreadcrumbList\",\"@id\":\"https:\\\/\\\/www.wyssenavalanche.com\\\/offene-stellen\\\/#breadcrumb\",\"itemListElement\":[{\"@type\":\"ListItem\",\"position\":1,\"name\":\"Home\",\"item\":\"https:\\\/\\\/www.wyssenavalanche.com\\\/fr\\\/wyssen-avalanche-control-ag\\\/\"},{\"@type\":\"ListItem\",\"position\":2,\"name\":\"Postes \u00e0 pourvoir\"}]},{\"@type\":\"WebSite\",\"@id\":\"https:\\\/\\\/www.wyssenavalanche.com\\\/#website\",\"url\":\"https:\\\/\\\/www.wyssenavalanche.com\\\/\",\"name\":\"Wyssen Avalanche Control AG\",\"description\":\"\",\"publisher\":{\"@id\":\"https:\\\/\\\/www.wyssenavalanche.com\\\/#organization\"},\"potentialAction\":[{\"@type\":\"SearchAction\",\"target\":{\"@type\":\"EntryPoint\",\"urlTemplate\":\"https:\\\/\\\/www.wyssenavalanche.com\\\/?s={search_term_string}\"},\"query-input\":{\"@type\":\"PropertyValueSpecification\",\"valueRequired\":true,\"valueName\":\"search_term_string\"}}],\"inLanguage\":\"fr-FR\"},{\"@type\":\"Organization\",\"@id\":\"https:\\\/\\\/www.wyssenavalanche.com\\\/#organization\",\"name\":\"Wyssen Avalanche Control AG\",\"url\":\"https:\\\/\\\/www.wyssenavalanche.com\\\/\",\"logo\":{\"@type\":\"ImageObject\",\"inLanguage\":\"fr-FR\",\"@id\":\"https:\\\/\\\/www.wyssenavalanche.com\\\/#\\\/schema\\\/logo\\\/image\\\/\",\"url\":\"https:\\\/\\\/www.wyssenavalanche.com\\\/wp-content\\\/uploads\\\/2021\\\/09\\\/cropped-wyssen_logo_header-1.png\",\"contentUrl\":\"https:\\\/\\\/www.wyssenavalanche.com\\\/wp-content\\\/uploads\\\/2021\\\/09\\\/cropped-wyssen_logo_header-1.png\",\"width\":200,\"height\":31,\"caption\":\"Wyssen Avalanche Control AG\"},\"image\":{\"@id\":\"https:\\\/\\\/www.wyssenavalanche.com\\\/#\\\/schema\\\/logo\\\/image\\\/\"},\"sameAs\":[\"https:\\\/\\\/www.facebook.com\\\/wyssenavalanche\\\/\"]}]}<\/script>\n<!-- \/ Yoast SEO plugin. -->","yoast_head_json":{"title":"Postes \u00e0 pourvoir","robots":{"index":"index","follow":"follow","max-snippet":"max-snippet:-1","max-image-preview":"max-image-preview:large","max-video-preview":"max-video-preview:-1"},"canonical":"https:\/\/www.wyssenavalanche.com\/offene-stellen\/","og_locale":"fr_FR","og_type":"article","og_title":"Postes \u00e0 pourvoir","og_description":"Emplois Tous les postes sont pourvus. Cependant, nous sommes toujours int\u00e9ress\u00e9s par des personnalit\u00e9s dynamiques, motiv\u00e9es et flexibles, qui aiment la nature et la technique. M\u00eame si nous n\u2019avons pas de poste \u00e0 pourvoir en ce moment, n\u2019h\u00e9sitez pas \u00e0 nous contacter si vous \u00eates int\u00e9ress\u00e9 par un travail passionnant et diversifi\u00e9. Envoyez-nous votre candidature [&hellip;]","og_url":"https:\/\/www.wyssenavalanche.com\/offene-stellen\/","og_site_name":"Wyssen Avalanche","article_publisher":"https:\/\/www.facebook.com\/wyssenavalanche\/","article_modified_time":"2022-11-16T14:12:32+00:00","og_image":[{"width":1440,"height":1920,"url":"https:\/\/www.wyssenavalanche.com\/wp-content\/uploads\/2022\/10\/alta_1.jpg","type":"image\/jpeg"}],"schema":{"@context":"https:\/\/schema.org","@graph":[{"@type":"WebPage","@id":"https:\/\/www.wyssenavalanche.com\/offene-stellen\/","url":"https:\/\/www.wyssenavalanche.com\/offene-stellen\/","name":"Postes \u00e0 pourvoir","isPartOf":{"@id":"https:\/\/www.wyssenavalanche.com\/#website"},"primaryImageOfPage":{"@id":"https:\/\/www.wyssenavalanche.com\/offene-stellen\/#primaryimage"},"image":{"@id":"https:\/\/www.wyssenavalanche.com\/offene-stellen\/#primaryimage"},"thumbnailUrl":"https:\/\/www.wyssenavalanche.com\/wp-content\/uploads\/2021\/12\/walenstadt_bau.jpg","datePublished":"2022-11-16T14:07:15+00:00","dateModified":"2022-11-16T14:12:32+00:00","breadcrumb":{"@id":"https:\/\/www.wyssenavalanche.com\/offene-stellen\/#breadcrumb"},"inLanguage":"fr-FR","potentialAction":[{"@type":"ReadAction","target":["https:\/\/www.wyssenavalanche.com\/offene-stellen\/"]}]},{"@type":"ImageObject","inLanguage":"fr-FR","@id":"https:\/\/www.wyssenavalanche.com\/offene-stellen\/#primaryimage","url":"https:\/\/www.wyssenavalanche.com\/wp-content\/uploads\/2021\/12\/walenstadt_bau.jpg","contentUrl":"https:\/\/www.wyssenavalanche.com\/wp-content\/uploads\/2021\/12\/walenstadt_bau.jpg","width":1920,"height":1280},{"@type":"BreadcrumbList","@id":"https:\/\/www.wyssenavalanche.com\/offene-stellen\/#breadcrumb","itemListElement":[{"@type":"ListItem","position":1,"name":"Home","item":"https:\/\/www.wyssenavalanche.com\/fr\/wyssen-avalanche-control-ag\/"},{"@type":"ListItem","position":2,"name":"Postes \u00e0 pourvoir"}]},{"@type":"WebSite","@id":"https:\/\/www.wyssenavalanche.com\/#website","url":"https:\/\/www.wyssenavalanche.com\/","name":"Wyssen Avalanche Control AG","description":"","publisher":{"@id":"https:\/\/www.wyssenavalanche.com\/#organization"},"potentialAction":[{"@type":"SearchAction","target":{"@type":"EntryPoint","urlTemplate":"https:\/\/www.wyssenavalanche.com\/?s={search_term_string}"},"query-input":{"@type":"PropertyValueSpecification","valueRequired":true,"valueName":"search_term_string"}}],"inLanguage":"fr-FR"},{"@type":"Organization","@id":"https:\/\/www.wyssenavalanche.com\/#organization","name":"Wyssen Avalanche Control AG","url":"https:\/\/www.wyssenavalanche.com\/","logo":{"@type":"ImageObject","inLanguage":"fr-FR","@id":"https:\/\/www.wyssenavalanche.com\/#\/schema\/logo\/image\/","url":"https:\/\/www.wyssenavalanche.com\/wp-content\/uploads\/2021\/09\/cropped-wyssen_logo_header-1.png","contentUrl":"https:\/\/www.wyssenavalanche.com\/wp-content\/uploads\/2021\/09\/cropped-wyssen_logo_header-1.png","width":200,"height":31,"caption":"Wyssen Avalanche Control AG"},"image":{"@id":"https:\/\/www.wyssenavalanche.com\/#\/schema\/logo\/image\/"},"sameAs":["https:\/\/www.facebook.com\/wyssenavalanche\/"]}]}},"_links":{"self":[{"href":"https:\/\/www.wyssenavalanche.com\/fr\/wp-json\/wp\/v2\/pages\/29503","targetHints":{"allow":["GET"]}}],"collection":[{"href":"https:\/\/www.wyssenavalanche.com\/fr\/wp-json\/wp\/v2\/pages"}],"about":[{"href":"https:\/\/www.wyssenavalanche.com\/fr\/wp-json\/wp\/v2\/types\/page"}],"author":[{"embeddable":true,"href":"https:\/\/www.wyssenavalanche.com\/fr\/wp-json\/wp\/v2\/users\/10"}],"replies":[{"embeddable":true,"href":"https:\/\/www.wyssenavalanche.com\/fr\/wp-json\/wp\/v2\/comments?post=29503"}],"version-history":[{"count":3,"href":"https:\/\/www.wyssenavalanche.com\/fr\/wp-json\/wp\/v2\/pages\/29503\/revisions"}],"predecessor-version":[{"id":29507,"href":"https:\/\/www.wyssenavalanche.com\/fr\/wp-json\/wp\/v2\/pages\/29503\/revisions\/29507"}],"wp:featuredmedia":[{"embeddable":true,"href":"https:\/\/www.wyssenavalanche.com\/fr\/wp-json\/wp\/v2\/media\/25882"}],"wp:attachment":[{"href":"https:\/\/www.wyssenavalanche.com\/fr\/wp-json\/wp\/v2\/media?parent=29503"}],"curies":[{"name":"wp","href":"https:\/\/api.w.org\/{rel}","templated":true}]}}