{"id":29918,"date":"2022-11-25T15:47:34","date_gmt":"2022-11-25T13:47:34","guid":{"rendered":"https:\/\/priceless-taussig.185-125-174-90.plesk.page\/stations-meteorologiques-accessoires\/"},"modified":"2024-05-27T14:58:00","modified_gmt":"2024-05-27T12:58:00","slug":"stations-meteorologiques-accessoires","status":"publish","type":"page","link":"https:\/\/www.wyssenavalanche.com\/fr\/stations-meteorologiques-accessoires\/","title":{"rendered":"Stations m\u00e9t\u00e9orologiques &amp; Accessoires"},"content":{"rendered":"\t\t<div data-elementor-type=\"wp-page\" data-elementor-id=\"29918\" class=\"elementor elementor-29918 elementor-27211\" data-elementor-post-type=\"page\">\n\t\t\t\t\t\t<section class=\"elementor-section elementor-top-section elementor-element elementor-element-5963b1f6 elementor-section-stretched elementor-section-boxed elementor-section-height-default elementor-section-height-default\" data-id=\"5963b1f6\" data-element_type=\"section\" data-e-type=\"section\" data-settings=\"{&quot;stretch_section&quot;:&quot;section-stretched&quot;,&quot;background_background&quot;:&quot;classic&quot;}\">\n\t\t\t\t\t\t<div class=\"elementor-container elementor-column-gap-default\">\n\t\t\t\t\t<div class=\"elementor-column elementor-col-100 elementor-top-column elementor-element elementor-element-73cb20e4\" data-id=\"73cb20e4\" data-element_type=\"column\" data-e-type=\"column\" data-settings=\"{&quot;background_background&quot;:&quot;classic&quot;}\">\n\t\t\t<div class=\"elementor-widget-wrap elementor-element-populated\">\n\t\t\t\t\t\t\t<\/div>\n\t\t<\/div>\n\t\t\t\t\t<\/div>\n\t\t<\/section>\n\t\t\t\t<section class=\"elementor-section elementor-top-section elementor-element elementor-element-5c11f3ba elementor-section-stretched elementor-section-full_width elementor-section-height-default elementor-section-height-default\" data-id=\"5c11f3ba\" data-element_type=\"section\" data-e-type=\"section\" data-settings=\"{&quot;stretch_section&quot;:&quot;section-stretched&quot;}\">\n\t\t\t\t\t\t\t<div class=\"elementor-background-overlay\"><\/div>\n\t\t\t\t\t\t\t<div class=\"elementor-container elementor-column-gap-default\">\n\t\t\t\t\t<div class=\"elementor-column elementor-col-100 elementor-top-column elementor-element elementor-element-5ac62e\" data-id=\"5ac62e\" data-element_type=\"column\" data-e-type=\"column\">\n\t\t\t<div class=\"elementor-widget-wrap elementor-element-populated\">\n\t\t\t\t\t\t<div class=\"elementor-element elementor-element-18f7bd5a elementor-widget elementor-widget-spacer\" data-id=\"18f7bd5a\" data-element_type=\"widget\" data-e-type=\"widget\" data-widget_type=\"spacer.default\">\n\t\t\t\t<div class=\"elementor-widget-container\">\n\t\t\t\t\t\t\t<div class=\"elementor-spacer\">\n\t\t\t<div class=\"elementor-spacer-inner\"><\/div>\n\t\t<\/div>\n\t\t\t\t\t\t<\/div>\n\t\t\t\t<\/div>\n\t\t\t\t<section class=\"elementor-section elementor-inner-section elementor-element elementor-element-60bcfe4 elementor-section-boxed elementor-section-height-default elementor-section-height-default\" data-id=\"60bcfe4\" data-element_type=\"section\" data-e-type=\"section\">\n\t\t\t\t\t\t<div class=\"elementor-container elementor-column-gap-default\">\n\t\t\t\t\t<div class=\"elementor-column elementor-col-50 elementor-inner-column elementor-element elementor-element-7822a506\" data-id=\"7822a506\" data-element_type=\"column\" data-e-type=\"column\">\n\t\t\t<div class=\"elementor-widget-wrap elementor-element-populated\">\n\t\t\t\t\t\t<div class=\"elementor-element elementor-element-4e18c2a3 elementor-position-top elementor-widget elementor-widget-image-box\" data-id=\"4e18c2a3\" data-element_type=\"widget\" data-e-type=\"widget\" data-widget_type=\"image-box.default\">\n\t\t\t\t<div class=\"elementor-widget-container\">\n\t\t\t\t\t<div class=\"elementor-image-box-wrapper\"><figure class=\"elementor-image-box-img\"><a href=\"https:\/\/www.wyssenavalanche.com\/fr\/stations-meteorologiques-accessoires\/stations-meteorologiques\/\" tabindex=\"-1\"><img fetchpriority=\"high\" decoding=\"async\" width=\"1000\" height=\"1000\" src=\"https:\/\/www.wyssenavalanche.com\/wp-content\/uploads\/2022\/08\/Wetterstationen.jpg\" class=\"attachment-1536x1536 size-1536x1536 wp-image-24212\" alt=\"\" srcset=\"https:\/\/www.wyssenavalanche.com\/wp-content\/uploads\/2022\/08\/Wetterstationen.jpg 1000w, https:\/\/www.wyssenavalanche.com\/wp-content\/uploads\/2022\/08\/Wetterstationen-300x300.jpg 300w, https:\/\/www.wyssenavalanche.com\/wp-content\/uploads\/2022\/08\/Wetterstationen-150x150.jpg 150w, https:\/\/www.wyssenavalanche.com\/wp-content\/uploads\/2022\/08\/Wetterstationen-768x768.jpg 768w\" sizes=\"(max-width: 1000px) 100vw, 1000px\" \/><\/a><\/figure><div class=\"elementor-image-box-content\"><h4 class=\"elementor-image-box-title\"><a href=\"https:\/\/www.wyssenavalanche.com\/fr\/stations-meteorologiques-accessoires\/stations-meteorologiques\/\">STATIONS M\u00c9T\u00c9OROLOGIQUES<\/a><\/h4><p class=\"elementor-image-box-description\"><br>Des stations m\u00e9t\u00e9orologiques fiables et autonomes constituent une ressource importante au quotidien pour les responsables de la s\u00e9curit\u00e9.<\/p><\/div><\/div>\t\t\t\t<\/div>\n\t\t\t\t<\/div>\n\t\t\t\t\t<\/div>\n\t\t<\/div>\n\t\t\t\t<div class=\"elementor-column elementor-col-50 elementor-inner-column elementor-element elementor-element-91ce7c4\" data-id=\"91ce7c4\" data-element_type=\"column\" data-e-type=\"column\">\n\t\t\t<div class=\"elementor-widget-wrap elementor-element-populated\">\n\t\t\t\t\t\t<div class=\"elementor-element elementor-element-5dbedf8d elementor-position-top elementor-widget elementor-widget-image-box\" data-id=\"5dbedf8d\" data-element_type=\"widget\" data-e-type=\"widget\" data-widget_type=\"image-box.default\">\n\t\t\t\t<div class=\"elementor-widget-container\">\n\t\t\t\t\t<div class=\"elementor-image-box-wrapper\"><figure class=\"elementor-image-box-img\"><a href=\"https:\/\/www.wyssenavalanche.com\/fr\/stations-meteorologiques-accessoires\/croix-pare-vent-et-barriere-pare-vent\/\" tabindex=\"-1\"><img decoding=\"async\" width=\"1000\" height=\"1000\" src=\"https:\/\/www.wyssenavalanche.com\/wp-content\/uploads\/2022\/08\/kolkkreuze_waende.jpg\" class=\"attachment-1536x1536 size-1536x1536 wp-image-24213\" alt=\"\" srcset=\"https:\/\/www.wyssenavalanche.com\/wp-content\/uploads\/2022\/08\/kolkkreuze_waende.jpg 1000w, https:\/\/www.wyssenavalanche.com\/wp-content\/uploads\/2022\/08\/kolkkreuze_waende-300x300.jpg 300w, https:\/\/www.wyssenavalanche.com\/wp-content\/uploads\/2022\/08\/kolkkreuze_waende-150x150.jpg 150w, https:\/\/www.wyssenavalanche.com\/wp-content\/uploads\/2022\/08\/kolkkreuze_waende-768x768.jpg 768w\" sizes=\"(max-width: 1000px) 100vw, 1000px\" \/><\/a><\/figure><div class=\"elementor-image-box-content\"><h4 class=\"elementor-image-box-title\"><a href=\"https:\/\/www.wyssenavalanche.com\/fr\/stations-meteorologiques-accessoires\/croix-pare-vent-et-barriere-pare-vent\/\">SYST\u00c8ME DE D\u00c9VIATION DU VENT<\/a><\/h4><p class=\"elementor-image-box-description\"><br> Les croix pare-vent et les barri\u00e8res par-vent servent \u00e0 emp\u00eacher le d\u00e9veloppement d'une couche de neige continue plus importante.<\/p><\/div><\/div>\t\t\t\t<\/div>\n\t\t\t\t<\/div>\n\t\t\t\t\t<\/div>\n\t\t<\/div>\n\t\t\t\t\t<\/div>\n\t\t<\/section>\n\t\t\t\t<div class=\"elementor-element elementor-element-6521f86b elementor-widget elementor-widget-spacer\" data-id=\"6521f86b\" data-element_type=\"widget\" data-e-type=\"widget\" data-widget_type=\"spacer.default\">\n\t\t\t\t<div class=\"elementor-widget-container\">\n\t\t\t\t\t\t\t<div class=\"elementor-spacer\">\n\t\t\t<div class=\"elementor-spacer-inner\"><\/div>\n\t\t<\/div>\n\t\t\t\t\t\t<\/div>\n\t\t\t\t<\/div>\n\t\t\t\t\t<\/div>\n\t\t<\/div>\n\t\t\t\t\t<\/div>\n\t\t<\/section>\n\t\t\t\t<\/div>\n\t\t","protected":false},"excerpt":{"rendered":"<p>STATIONS M\u00c9T\u00c9OROLOGIQUES Des stations m\u00e9t\u00e9orologiques fiables et autonomes constituent une ressource importante au quotidien pour les responsables de la s\u00e9curit\u00e9. SYST\u00c8ME DE D\u00c9VIATION DU VENT Les croix pare-vent et les barri\u00e8res par-vent servent \u00e0 emp\u00eacher le d\u00e9veloppement d&rsquo;une couche de neige continue plus importante.<\/p>\n","protected":false},"author":10,"featured_media":0,"parent":0,"menu_order":0,"comment_status":"open","ping_status":"closed","template":"","meta":{"site-sidebar-layout":"default","site-content-layout":"","ast-site-content-layout":"default","site-content-style":"default","site-sidebar-style":"default","ast-global-header-display":"","ast-banner-title-visibility":"","ast-main-header-display":"","ast-hfb-above-header-display":"","ast-hfb-below-header-display":"","ast-hfb-mobile-header-display":"","site-post-title":"","ast-breadcrumbs-content":"","ast-featured-img":"","footer-sml-layout":"","ast-disable-related-posts":"","theme-transparent-header-meta":"","adv-header-id-meta":"","stick-header-meta":"","header-above-stick-meta":"","header-main-stick-meta":"","header-below-stick-meta":"","astra-migrate-meta-layouts":"default","ast-page-background-enabled":"default","ast-page-background-meta":{"desktop":{"background-color":"var(--ast-global-color-4)","background-image":"","background-repeat":"repeat","background-position":"center center","background-size":"auto","background-attachment":"scroll","background-type":"","background-media":"","overlay-type":"","overlay-color":"","overlay-opacity":"","overlay-gradient":""},"tablet":{"background-color":"","background-image":"","background-repeat":"repeat","background-position":"center center","background-size":"auto","background-attachment":"scroll","background-type":"","background-media":"","overlay-type":"","overlay-color":"","overlay-opacity":"","overlay-gradient":""},"mobile":{"background-color":"","background-image":"","background-repeat":"repeat","background-position":"center center","background-size":"auto","background-attachment":"scroll","background-type":"","background-media":"","overlay-type":"","overlay-color":"","overlay-opacity":"","overlay-gradient":""}},"ast-content-background-meta":{"desktop":{"background-color":"var(--ast-global-color-5)","background-image":"","background-repeat":"repeat","background-position":"center center","background-size":"auto","background-attachment":"scroll","background-type":"","background-media":"","overlay-type":"","overlay-color":"","overlay-opacity":"","overlay-gradient":""},"tablet":{"background-color":"var(--ast-global-color-5)","background-image":"","background-repeat":"repeat","background-position":"center center","background-size":"auto","background-attachment":"scroll","background-type":"","background-media":"","overlay-type":"","overlay-color":"","overlay-opacity":"","overlay-gradient":""},"mobile":{"background-color":"var(--ast-global-color-5)","background-image":"","background-repeat":"repeat","background-position":"center center","background-size":"auto","background-attachment":"scroll","background-type":"","background-media":"","overlay-type":"","overlay-color":"","overlay-opacity":"","overlay-gradient":""}},"footnotes":""},"class_list":["post-29918","page","type-page","status-publish","hentry"],"yoast_head":"<!-- This site is optimized with the Yoast SEO plugin v27.3 - https:\/\/yoast.com\/product\/yoast-seo-wordpress\/ -->\n<title>Stations m\u00e9t\u00e9orologiques &amp; Accessoires &#8226; Wyssen Avalanche<\/title>\n<meta name=\"description\" content=\"Des stations m\u00e9t\u00e9orologiques fiables et autonomes constituent une base importante pour le travail quotidien des responsables de la s\u00e9curit\u00e9.\" \/>\n<meta name=\"robots\" content=\"index, follow, max-snippet:-1, max-image-preview:large, max-video-preview:-1\" \/>\n<link rel=\"canonical\" href=\"https:\/\/www.wyssenavalanche.com\/fr\/stations-meteorologiques-accessoires\/\" \/>\n<meta property=\"og:locale\" content=\"fr_FR\" \/>\n<meta property=\"og:type\" content=\"article\" \/>\n<meta property=\"og:title\" content=\"Stations m\u00e9t\u00e9orologiques &amp; Accessoires &#8226; Wyssen Avalanche\" \/>\n<meta property=\"og:description\" content=\"Des stations m\u00e9t\u00e9orologiques fiables et autonomes constituent une base importante pour le travail quotidien des responsables de la s\u00e9curit\u00e9.\" \/>\n<meta property=\"og:url\" content=\"https:\/\/www.wyssenavalanche.com\/fr\/stations-meteorologiques-accessoires\/\" \/>\n<meta property=\"og:site_name\" content=\"Wyssen Avalanche\" \/>\n<meta property=\"article:publisher\" content=\"https:\/\/www.facebook.com\/wyssenavalanche\/\" \/>\n<meta property=\"article:modified_time\" content=\"2024-05-27T12:58:00+00:00\" \/>\n<meta property=\"og:image\" content=\"https:\/\/www.wyssenavalanche.com\/wp-content\/uploads\/2022\/08\/Wetterstationen.jpg\" \/>\n<script type=\"application\/ld+json\" class=\"yoast-schema-graph\">{\"@context\":\"https:\\\/\\\/schema.org\",\"@graph\":[{\"@type\":\"WebPage\",\"@id\":\"https:\\\/\\\/www.wyssenavalanche.com\\\/fr\\\/stations-meteorologiques-accessoires\\\/\",\"url\":\"https:\\\/\\\/www.wyssenavalanche.com\\\/fr\\\/stations-meteorologiques-accessoires\\\/\",\"name\":\"Stations m\u00e9t\u00e9orologiques &amp; Accessoires &#8226; Wyssen Avalanche\",\"isPartOf\":{\"@id\":\"https:\\\/\\\/www.wyssenavalanche.com\\\/#website\"},\"primaryImageOfPage\":{\"@id\":\"https:\\\/\\\/www.wyssenavalanche.com\\\/fr\\\/stations-meteorologiques-accessoires\\\/#primaryimage\"},\"image\":{\"@id\":\"https:\\\/\\\/www.wyssenavalanche.com\\\/fr\\\/stations-meteorologiques-accessoires\\\/#primaryimage\"},\"thumbnailUrl\":\"https:\\\/\\\/www.wyssenavalanche.com\\\/wp-content\\\/uploads\\\/2022\\\/08\\\/Wetterstationen.jpg\",\"datePublished\":\"2022-11-25T13:47:34+00:00\",\"dateModified\":\"2024-05-27T12:58:00+00:00\",\"description\":\"Des stations m\u00e9t\u00e9orologiques fiables et autonomes constituent une base importante pour le travail quotidien des responsables de la s\u00e9curit\u00e9.\",\"breadcrumb\":{\"@id\":\"https:\\\/\\\/www.wyssenavalanche.com\\\/fr\\\/stations-meteorologiques-accessoires\\\/#breadcrumb\"},\"inLanguage\":\"fr-FR\",\"potentialAction\":[{\"@type\":\"ReadAction\",\"target\":[\"https:\\\/\\\/www.wyssenavalanche.com\\\/fr\\\/stations-meteorologiques-accessoires\\\/\"]}]},{\"@type\":\"ImageObject\",\"inLanguage\":\"fr-FR\",\"@id\":\"https:\\\/\\\/www.wyssenavalanche.com\\\/fr\\\/stations-meteorologiques-accessoires\\\/#primaryimage\",\"url\":\"https:\\\/\\\/www.wyssenavalanche.com\\\/wp-content\\\/uploads\\\/2022\\\/08\\\/Wetterstationen.jpg\",\"contentUrl\":\"https:\\\/\\\/www.wyssenavalanche.com\\\/wp-content\\\/uploads\\\/2022\\\/08\\\/Wetterstationen.jpg\"},{\"@type\":\"BreadcrumbList\",\"@id\":\"https:\\\/\\\/www.wyssenavalanche.com\\\/fr\\\/stations-meteorologiques-accessoires\\\/#breadcrumb\",\"itemListElement\":[{\"@type\":\"ListItem\",\"position\":1,\"name\":\"Home\",\"item\":\"https:\\\/\\\/www.wyssenavalanche.com\\\/fr\\\/wyssen-avalanche-control-ag\\\/\"},{\"@type\":\"ListItem\",\"position\":2,\"name\":\"Stations m\u00e9t\u00e9orologiques &amp; Accessoires\"}]},{\"@type\":\"WebSite\",\"@id\":\"https:\\\/\\\/www.wyssenavalanche.com\\\/#website\",\"url\":\"https:\\\/\\\/www.wyssenavalanche.com\\\/\",\"name\":\"Wyssen Avalanche Control AG\",\"description\":\"\",\"publisher\":{\"@id\":\"https:\\\/\\\/www.wyssenavalanche.com\\\/#organization\"},\"potentialAction\":[{\"@type\":\"SearchAction\",\"target\":{\"@type\":\"EntryPoint\",\"urlTemplate\":\"https:\\\/\\\/www.wyssenavalanche.com\\\/?s={search_term_string}\"},\"query-input\":{\"@type\":\"PropertyValueSpecification\",\"valueRequired\":true,\"valueName\":\"search_term_string\"}}],\"inLanguage\":\"fr-FR\"},{\"@type\":\"Organization\",\"@id\":\"https:\\\/\\\/www.wyssenavalanche.com\\\/#organization\",\"name\":\"Wyssen Avalanche Control AG\",\"url\":\"https:\\\/\\\/www.wyssenavalanche.com\\\/\",\"logo\":{\"@type\":\"ImageObject\",\"inLanguage\":\"fr-FR\",\"@id\":\"https:\\\/\\\/www.wyssenavalanche.com\\\/#\\\/schema\\\/logo\\\/image\\\/\",\"url\":\"https:\\\/\\\/www.wyssenavalanche.com\\\/wp-content\\\/uploads\\\/2021\\\/09\\\/cropped-wyssen_logo_header-1.png\",\"contentUrl\":\"https:\\\/\\\/www.wyssenavalanche.com\\\/wp-content\\\/uploads\\\/2021\\\/09\\\/cropped-wyssen_logo_header-1.png\",\"width\":200,\"height\":31,\"caption\":\"Wyssen Avalanche Control AG\"},\"image\":{\"@id\":\"https:\\\/\\\/www.wyssenavalanche.com\\\/#\\\/schema\\\/logo\\\/image\\\/\"},\"sameAs\":[\"https:\\\/\\\/www.facebook.com\\\/wyssenavalanche\\\/\"]}]}<\/script>\n<!-- \/ Yoast SEO plugin. -->","yoast_head_json":{"title":"Stations m\u00e9t\u00e9orologiques &amp; Accessoires &#8226; Wyssen Avalanche","description":"Des stations m\u00e9t\u00e9orologiques fiables et autonomes constituent une base importante pour le travail quotidien des responsables de la s\u00e9curit\u00e9.","robots":{"index":"index","follow":"follow","max-snippet":"max-snippet:-1","max-image-preview":"max-image-preview:large","max-video-preview":"max-video-preview:-1"},"canonical":"https:\/\/www.wyssenavalanche.com\/fr\/stations-meteorologiques-accessoires\/","og_locale":"fr_FR","og_type":"article","og_title":"Stations m\u00e9t\u00e9orologiques &amp; Accessoires &#8226; Wyssen Avalanche","og_description":"Des stations m\u00e9t\u00e9orologiques fiables et autonomes constituent une base importante pour le travail quotidien des responsables de la s\u00e9curit\u00e9.","og_url":"https:\/\/www.wyssenavalanche.com\/fr\/stations-meteorologiques-accessoires\/","og_site_name":"Wyssen Avalanche","article_publisher":"https:\/\/www.facebook.com\/wyssenavalanche\/","article_modified_time":"2024-05-27T12:58:00+00:00","og_image":[{"url":"https:\/\/www.wyssenavalanche.com\/wp-content\/uploads\/2022\/08\/Wetterstationen.jpg","type":"","width":"","height":""}],"schema":{"@context":"https:\/\/schema.org","@graph":[{"@type":"WebPage","@id":"https:\/\/www.wyssenavalanche.com\/fr\/stations-meteorologiques-accessoires\/","url":"https:\/\/www.wyssenavalanche.com\/fr\/stations-meteorologiques-accessoires\/","name":"Stations m\u00e9t\u00e9orologiques &amp; Accessoires &#8226; Wyssen Avalanche","isPartOf":{"@id":"https:\/\/www.wyssenavalanche.com\/#website"},"primaryImageOfPage":{"@id":"https:\/\/www.wyssenavalanche.com\/fr\/stations-meteorologiques-accessoires\/#primaryimage"},"image":{"@id":"https:\/\/www.wyssenavalanche.com\/fr\/stations-meteorologiques-accessoires\/#primaryimage"},"thumbnailUrl":"https:\/\/www.wyssenavalanche.com\/wp-content\/uploads\/2022\/08\/Wetterstationen.jpg","datePublished":"2022-11-25T13:47:34+00:00","dateModified":"2024-05-27T12:58:00+00:00","description":"Des stations m\u00e9t\u00e9orologiques fiables et autonomes constituent une base importante pour le travail quotidien des responsables de la s\u00e9curit\u00e9.","breadcrumb":{"@id":"https:\/\/www.wyssenavalanche.com\/fr\/stations-meteorologiques-accessoires\/#breadcrumb"},"inLanguage":"fr-FR","potentialAction":[{"@type":"ReadAction","target":["https:\/\/www.wyssenavalanche.com\/fr\/stations-meteorologiques-accessoires\/"]}]},{"@type":"ImageObject","inLanguage":"fr-FR","@id":"https:\/\/www.wyssenavalanche.com\/fr\/stations-meteorologiques-accessoires\/#primaryimage","url":"https:\/\/www.wyssenavalanche.com\/wp-content\/uploads\/2022\/08\/Wetterstationen.jpg","contentUrl":"https:\/\/www.wyssenavalanche.com\/wp-content\/uploads\/2022\/08\/Wetterstationen.jpg"},{"@type":"BreadcrumbList","@id":"https:\/\/www.wyssenavalanche.com\/fr\/stations-meteorologiques-accessoires\/#breadcrumb","itemListElement":[{"@type":"ListItem","position":1,"name":"Home","item":"https:\/\/www.wyssenavalanche.com\/fr\/wyssen-avalanche-control-ag\/"},{"@type":"ListItem","position":2,"name":"Stations m\u00e9t\u00e9orologiques &amp; Accessoires"}]},{"@type":"WebSite","@id":"https:\/\/www.wyssenavalanche.com\/#website","url":"https:\/\/www.wyssenavalanche.com\/","name":"Wyssen Avalanche Control AG","description":"","publisher":{"@id":"https:\/\/www.wyssenavalanche.com\/#organization"},"potentialAction":[{"@type":"SearchAction","target":{"@type":"EntryPoint","urlTemplate":"https:\/\/www.wyssenavalanche.com\/?s={search_term_string}"},"query-input":{"@type":"PropertyValueSpecification","valueRequired":true,"valueName":"search_term_string"}}],"inLanguage":"fr-FR"},{"@type":"Organization","@id":"https:\/\/www.wyssenavalanche.com\/#organization","name":"Wyssen Avalanche Control AG","url":"https:\/\/www.wyssenavalanche.com\/","logo":{"@type":"ImageObject","inLanguage":"fr-FR","@id":"https:\/\/www.wyssenavalanche.com\/#\/schema\/logo\/image\/","url":"https:\/\/www.wyssenavalanche.com\/wp-content\/uploads\/2021\/09\/cropped-wyssen_logo_header-1.png","contentUrl":"https:\/\/www.wyssenavalanche.com\/wp-content\/uploads\/2021\/09\/cropped-wyssen_logo_header-1.png","width":200,"height":31,"caption":"Wyssen Avalanche Control AG"},"image":{"@id":"https:\/\/www.wyssenavalanche.com\/#\/schema\/logo\/image\/"},"sameAs":["https:\/\/www.facebook.com\/wyssenavalanche\/"]}]}},"_links":{"self":[{"href":"https:\/\/www.wyssenavalanche.com\/fr\/wp-json\/wp\/v2\/pages\/29918","targetHints":{"allow":["GET"]}}],"collection":[{"href":"https:\/\/www.wyssenavalanche.com\/fr\/wp-json\/wp\/v2\/pages"}],"about":[{"href":"https:\/\/www.wyssenavalanche.com\/fr\/wp-json\/wp\/v2\/types\/page"}],"author":[{"embeddable":true,"href":"https:\/\/www.wyssenavalanche.com\/fr\/wp-json\/wp\/v2\/users\/10"}],"replies":[{"embeddable":true,"href":"https:\/\/www.wyssenavalanche.com\/fr\/wp-json\/wp\/v2\/comments?post=29918"}],"version-history":[{"count":21,"href":"https:\/\/www.wyssenavalanche.com\/fr\/wp-json\/wp\/v2\/pages\/29918\/revisions"}],"predecessor-version":[{"id":36091,"href":"https:\/\/www.wyssenavalanche.com\/fr\/wp-json\/wp\/v2\/pages\/29918\/revisions\/36091"}],"wp:attachment":[{"href":"https:\/\/www.wyssenavalanche.com\/fr\/wp-json\/wp\/v2\/media?parent=29918"}],"curies":[{"name":"wp","href":"https:\/\/api.w.org\/{rel}","templated":true}]}}