{"id":30076,"date":"2022-11-29T15:19:07","date_gmt":"2022-11-29T13:19:07","guid":{"rendered":"https:\/\/priceless-taussig.185-125-174-90.plesk.page\/projets-de-reference\/"},"modified":"2024-04-04T07:58:17","modified_gmt":"2024-04-04T05:58:17","slug":"projets-de-reference","status":"publish","type":"page","link":"https:\/\/www.wyssenavalanche.com\/fr\/projets-de-reference\/","title":{"rendered":"Projets de r\u00e9f\u00e9rence"},"content":{"rendered":"\t\t<div data-elementor-type=\"wp-page\" data-elementor-id=\"30076\" class=\"elementor elementor-30076 elementor-28163\" data-elementor-post-type=\"page\">\n\t\t\t\t\t\t<section class=\"elementor-section elementor-top-section elementor-element elementor-element-46bdae1f elementor-section-stretched elementor-section-boxed elementor-section-height-default elementor-section-height-default\" data-id=\"46bdae1f\" data-element_type=\"section\" data-e-type=\"section\" data-settings=\"{&quot;stretch_section&quot;:&quot;section-stretched&quot;,&quot;background_background&quot;:&quot;classic&quot;}\">\n\t\t\t\t\t\t<div class=\"elementor-container elementor-column-gap-default\">\n\t\t\t\t\t<div class=\"elementor-column elementor-col-100 elementor-top-column elementor-element elementor-element-69e7afb4\" data-id=\"69e7afb4\" data-element_type=\"column\" data-e-type=\"column\" data-settings=\"{&quot;background_background&quot;:&quot;classic&quot;}\">\n\t\t\t<div class=\"elementor-widget-wrap elementor-element-populated\">\n\t\t\t\t\t\t\t<\/div>\n\t\t<\/div>\n\t\t\t\t\t<\/div>\n\t\t<\/section>\n\t\t\t\t<section class=\"elementor-section elementor-top-section elementor-element elementor-element-575906f0 elementor-section-stretched elementor-section-full_width elementor-section-height-default elementor-section-height-default\" data-id=\"575906f0\" data-element_type=\"section\" data-e-type=\"section\" data-settings=\"{&quot;stretch_section&quot;:&quot;section-stretched&quot;}\">\n\t\t\t\t\t\t\t<div class=\"elementor-background-overlay\"><\/div>\n\t\t\t\t\t\t\t<div class=\"elementor-container elementor-column-gap-default\">\n\t\t\t\t\t<div class=\"elementor-column elementor-col-100 elementor-top-column elementor-element elementor-element-6ea4cbd\" data-id=\"6ea4cbd\" data-element_type=\"column\" data-e-type=\"column\">\n\t\t\t<div class=\"elementor-widget-wrap elementor-element-populated\">\n\t\t\t\t\t\t<div class=\"elementor-element elementor-element-5080468b elementor-widget elementor-widget-spacer\" data-id=\"5080468b\" data-element_type=\"widget\" data-e-type=\"widget\" data-widget_type=\"spacer.default\">\n\t\t\t\t<div class=\"elementor-widget-container\">\n\t\t\t\t\t\t\t<div class=\"elementor-spacer\">\n\t\t\t<div class=\"elementor-spacer-inner\"><\/div>\n\t\t<\/div>\n\t\t\t\t\t\t<\/div>\n\t\t\t\t<\/div>\n\t\t\t\t<section class=\"elementor-section elementor-inner-section elementor-element elementor-element-31a1b609 elementor-section-boxed elementor-section-height-default elementor-section-height-default\" data-id=\"31a1b609\" data-element_type=\"section\" data-e-type=\"section\">\n\t\t\t\t\t\t<div class=\"elementor-container elementor-column-gap-default\">\n\t\t\t\t\t<div class=\"elementor-column elementor-col-50 elementor-inner-column elementor-element elementor-element-252973a7\" data-id=\"252973a7\" data-element_type=\"column\" data-e-type=\"column\">\n\t\t\t<div class=\"elementor-widget-wrap elementor-element-populated\">\n\t\t\t\t\t\t<div class=\"elementor-element elementor-element-3f23f766 elementor-position-top elementor-widget elementor-widget-image-box\" data-id=\"3f23f766\" data-element_type=\"widget\" data-e-type=\"widget\" data-widget_type=\"image-box.default\">\n\t\t\t\t<div class=\"elementor-widget-container\">\n\t\t\t\t\t<div class=\"elementor-image-box-wrapper\"><figure class=\"elementor-image-box-img\"><a href=\"https:\/\/www.wyssenavalanche.com\/fr\/projets-de-reference\/projets\/\" tabindex=\"-1\"><img fetchpriority=\"high\" decoding=\"async\" width=\"1000\" height=\"1000\" src=\"https:\/\/www.wyssenavalanche.com\/wp-content\/uploads\/2022\/08\/projekte.jpg\" class=\"attachment-1536x1536 size-1536x1536 wp-image-24255\" alt=\"\" srcset=\"https:\/\/www.wyssenavalanche.com\/wp-content\/uploads\/2022\/08\/projekte.jpg 1000w, https:\/\/www.wyssenavalanche.com\/wp-content\/uploads\/2022\/08\/projekte-300x300.jpg 300w, https:\/\/www.wyssenavalanche.com\/wp-content\/uploads\/2022\/08\/projekte-150x150.jpg 150w, https:\/\/www.wyssenavalanche.com\/wp-content\/uploads\/2022\/08\/projekte-768x768.jpg 768w\" sizes=\"(max-width: 1000px) 100vw, 1000px\" \/><\/a><\/figure><div class=\"elementor-image-box-content\"><h4 class=\"elementor-image-box-title\"><a href=\"https:\/\/www.wyssenavalanche.com\/fr\/projets-de-reference\/projets\/\">PROJETS<\/a><\/h4><p class=\"elementor-image-box-description\"><\/br>\nEn savoir plus sur nos projets de s\u00e9curisation des routes, des voies ferr\u00e9es, des pistes de ski, des mines et des infrastructures.<\/p><\/div><\/div>\t\t\t\t<\/div>\n\t\t\t\t<\/div>\n\t\t\t\t\t<\/div>\n\t\t<\/div>\n\t\t\t\t<div class=\"elementor-column elementor-col-50 elementor-inner-column elementor-element elementor-element-41aaa76\" data-id=\"41aaa76\" data-element_type=\"column\" data-e-type=\"column\">\n\t\t\t<div class=\"elementor-widget-wrap elementor-element-populated\">\n\t\t\t\t\t\t<div class=\"elementor-element elementor-element-139f8696 elementor-position-top elementor-widget elementor-widget-image-box\" data-id=\"139f8696\" data-element_type=\"widget\" data-e-type=\"widget\" data-widget_type=\"image-box.default\">\n\t\t\t\t<div class=\"elementor-widget-container\">\n\t\t\t\t\t<div class=\"elementor-image-box-wrapper\"><figure class=\"elementor-image-box-img\"><a href=\"https:\/\/www.wyssenavalanche.com\/fr\/projets-de-reference\/references\/\" tabindex=\"-1\"><img decoding=\"async\" width=\"1000\" height=\"1000\" src=\"https:\/\/www.wyssenavalanche.com\/wp-content\/uploads\/2022\/08\/referenzen.jpg\" class=\"attachment-1536x1536 size-1536x1536 wp-image-24256\" alt=\"\" srcset=\"https:\/\/www.wyssenavalanche.com\/wp-content\/uploads\/2022\/08\/referenzen.jpg 1000w, https:\/\/www.wyssenavalanche.com\/wp-content\/uploads\/2022\/08\/referenzen-300x300.jpg 300w, https:\/\/www.wyssenavalanche.com\/wp-content\/uploads\/2022\/08\/referenzen-150x150.jpg 150w, https:\/\/www.wyssenavalanche.com\/wp-content\/uploads\/2022\/08\/referenzen-768x768.jpg 768w\" sizes=\"(max-width: 1000px) 100vw, 1000px\" \/><\/a><\/figure><div class=\"elementor-image-box-content\"><h4 class=\"elementor-image-box-title\"><a href=\"https:\/\/www.wyssenavalanche.com\/fr\/projets-de-reference\/references\/\">R\u00c9F\u00c9RENCES<\/a><\/h4><p class=\"elementor-image-box-description\"><\/br>Toutes nos r\u00e9f\u00e9rences en Suisse, Autriche, Norv\u00e8ge, Canada, \u00c9tats-Unis, Chili et Andorre en un coup d'\u0153il.<\/p><\/div><\/div>\t\t\t\t<\/div>\n\t\t\t\t<\/div>\n\t\t\t\t\t<\/div>\n\t\t<\/div>\n\t\t\t\t\t<\/div>\n\t\t<\/section>\n\t\t\t\t<div class=\"elementor-element elementor-element-d11f6b6 elementor-widget elementor-widget-spacer\" data-id=\"d11f6b6\" data-element_type=\"widget\" data-e-type=\"widget\" data-widget_type=\"spacer.default\">\n\t\t\t\t<div class=\"elementor-widget-container\">\n\t\t\t\t\t\t\t<div class=\"elementor-spacer\">\n\t\t\t<div class=\"elementor-spacer-inner\"><\/div>\n\t\t<\/div>\n\t\t\t\t\t\t<\/div>\n\t\t\t\t<\/div>\n\t\t\t\t\t<\/div>\n\t\t<\/div>\n\t\t\t\t\t<\/div>\n\t\t<\/section>\n\t\t\t\t<\/div>\n\t\t","protected":false},"excerpt":{"rendered":"<p>PROJETS En savoir plus sur nos projets de s\u00e9curisation des routes, des voies ferr\u00e9es, des pistes de ski, des mines et des infrastructures. R\u00c9F\u00c9RENCES Toutes nos r\u00e9f\u00e9rences en Suisse, Autriche, Norv\u00e8ge, Canada, \u00c9tats-Unis, Chili et Andorre en un coup d&rsquo;\u0153il.<\/p>\n","protected":false},"author":10,"featured_media":0,"parent":0,"menu_order":0,"comment_status":"open","ping_status":"open","template":"","meta":{"site-sidebar-layout":"default","site-content-layout":"","ast-site-content-layout":"default","site-content-style":"default","site-sidebar-style":"default","ast-global-header-display":"","ast-banner-title-visibility":"","ast-main-header-display":"","ast-hfb-above-header-display":"","ast-hfb-below-header-display":"","ast-hfb-mobile-header-display":"","site-post-title":"","ast-breadcrumbs-content":"","ast-featured-img":"","footer-sml-layout":"","ast-disable-related-posts":"","theme-transparent-header-meta":"","adv-header-id-meta":"","stick-header-meta":"","header-above-stick-meta":"","header-main-stick-meta":"","header-below-stick-meta":"","astra-migrate-meta-layouts":"default","ast-page-background-enabled":"default","ast-page-background-meta":{"desktop":{"background-color":"var(--ast-global-color-4)","background-image":"","background-repeat":"repeat","background-position":"center center","background-size":"auto","background-attachment":"scroll","background-type":"","background-media":"","overlay-type":"","overlay-color":"","overlay-opacity":"","overlay-gradient":""},"tablet":{"background-color":"","background-image":"","background-repeat":"repeat","background-position":"center center","background-size":"auto","background-attachment":"scroll","background-type":"","background-media":"","overlay-type":"","overlay-color":"","overlay-opacity":"","overlay-gradient":""},"mobile":{"background-color":"","background-image":"","background-repeat":"repeat","background-position":"center center","background-size":"auto","background-attachment":"scroll","background-type":"","background-media":"","overlay-type":"","overlay-color":"","overlay-opacity":"","overlay-gradient":""}},"ast-content-background-meta":{"desktop":{"background-color":"var(--ast-global-color-5)","background-image":"","background-repeat":"repeat","background-position":"center center","background-size":"auto","background-attachment":"scroll","background-type":"","background-media":"","overlay-type":"","overlay-color":"","overlay-opacity":"","overlay-gradient":""},"tablet":{"background-color":"var(--ast-global-color-5)","background-image":"","background-repeat":"repeat","background-position":"center center","background-size":"auto","background-attachment":"scroll","background-type":"","background-media":"","overlay-type":"","overlay-color":"","overlay-opacity":"","overlay-gradient":""},"mobile":{"background-color":"var(--ast-global-color-5)","background-image":"","background-repeat":"repeat","background-position":"center center","background-size":"auto","background-attachment":"scroll","background-type":"","background-media":"","overlay-type":"","overlay-color":"","overlay-opacity":"","overlay-gradient":""}},"footnotes":""},"class_list":["post-30076","page","type-page","status-publish","hentry"],"yoast_head":"<!-- This site is optimized with the Yoast SEO plugin v27.3 - https:\/\/yoast.com\/product\/yoast-seo-wordpress\/ -->\n<title>Projets de r\u00e9f\u00e9rence &#8226; Wyssen Avalanche<\/title>\n<meta name=\"description\" content=\"En savoir plus sur nos projets de r\u00e9f\u00e9rence en Suisse, en Autriche, en Andorre, en Norv\u00e8ge, au Canada, aux \u00c9tats-Unis et au Chili.\" \/>\n<meta name=\"robots\" content=\"index, follow, max-snippet:-1, max-image-preview:large, max-video-preview:-1\" \/>\n<link rel=\"canonical\" href=\"https:\/\/www.wyssenavalanche.com\/fr\/projets-de-reference\/\" \/>\n<meta property=\"og:locale\" content=\"fr_FR\" \/>\n<meta property=\"og:type\" content=\"article\" \/>\n<meta property=\"og:title\" content=\"Projets de r\u00e9f\u00e9rence &#8226; Wyssen Avalanche\" \/>\n<meta property=\"og:description\" content=\"En savoir plus sur nos projets de r\u00e9f\u00e9rence en Suisse, en Autriche, en Andorre, en Norv\u00e8ge, au Canada, aux \u00c9tats-Unis et au Chili.\" \/>\n<meta property=\"og:url\" content=\"https:\/\/www.wyssenavalanche.com\/fr\/projets-de-reference\/\" \/>\n<meta property=\"og:site_name\" content=\"Wyssen Avalanche\" \/>\n<meta property=\"article:publisher\" content=\"https:\/\/www.facebook.com\/wyssenavalanche\/\" \/>\n<meta property=\"article:modified_time\" content=\"2024-04-04T05:58:17+00:00\" \/>\n<meta property=\"og:image\" content=\"https:\/\/www.wyssenavalanche.com\/wp-content\/uploads\/2022\/08\/projekte.jpg\" \/>\n<script type=\"application\/ld+json\" class=\"yoast-schema-graph\">{\"@context\":\"https:\\\/\\\/schema.org\",\"@graph\":[{\"@type\":\"WebPage\",\"@id\":\"https:\\\/\\\/www.wyssenavalanche.com\\\/fr\\\/projets-de-reference\\\/\",\"url\":\"https:\\\/\\\/www.wyssenavalanche.com\\\/fr\\\/projets-de-reference\\\/\",\"name\":\"Projets de r\u00e9f\u00e9rence &#8226; Wyssen Avalanche\",\"isPartOf\":{\"@id\":\"https:\\\/\\\/www.wyssenavalanche.com\\\/#website\"},\"primaryImageOfPage\":{\"@id\":\"https:\\\/\\\/www.wyssenavalanche.com\\\/fr\\\/projets-de-reference\\\/#primaryimage\"},\"image\":{\"@id\":\"https:\\\/\\\/www.wyssenavalanche.com\\\/fr\\\/projets-de-reference\\\/#primaryimage\"},\"thumbnailUrl\":\"https:\\\/\\\/www.wyssenavalanche.com\\\/wp-content\\\/uploads\\\/2022\\\/08\\\/projekte.jpg\",\"datePublished\":\"2022-11-29T13:19:07+00:00\",\"dateModified\":\"2024-04-04T05:58:17+00:00\",\"description\":\"En savoir plus sur nos projets de r\u00e9f\u00e9rence en Suisse, en Autriche, en Andorre, en Norv\u00e8ge, au Canada, aux \u00c9tats-Unis et au Chili.\",\"breadcrumb\":{\"@id\":\"https:\\\/\\\/www.wyssenavalanche.com\\\/fr\\\/projets-de-reference\\\/#breadcrumb\"},\"inLanguage\":\"fr-FR\",\"potentialAction\":[{\"@type\":\"ReadAction\",\"target\":[\"https:\\\/\\\/www.wyssenavalanche.com\\\/fr\\\/projets-de-reference\\\/\"]}]},{\"@type\":\"ImageObject\",\"inLanguage\":\"fr-FR\",\"@id\":\"https:\\\/\\\/www.wyssenavalanche.com\\\/fr\\\/projets-de-reference\\\/#primaryimage\",\"url\":\"https:\\\/\\\/www.wyssenavalanche.com\\\/wp-content\\\/uploads\\\/2022\\\/08\\\/projekte.jpg\",\"contentUrl\":\"https:\\\/\\\/www.wyssenavalanche.com\\\/wp-content\\\/uploads\\\/2022\\\/08\\\/projekte.jpg\"},{\"@type\":\"BreadcrumbList\",\"@id\":\"https:\\\/\\\/www.wyssenavalanche.com\\\/fr\\\/projets-de-reference\\\/#breadcrumb\",\"itemListElement\":[{\"@type\":\"ListItem\",\"position\":1,\"name\":\"Home\",\"item\":\"https:\\\/\\\/www.wyssenavalanche.com\\\/fr\\\/wyssen-avalanche-control-ag\\\/\"},{\"@type\":\"ListItem\",\"position\":2,\"name\":\"Projets de r\u00e9f\u00e9rence\"}]},{\"@type\":\"WebSite\",\"@id\":\"https:\\\/\\\/www.wyssenavalanche.com\\\/#website\",\"url\":\"https:\\\/\\\/www.wyssenavalanche.com\\\/\",\"name\":\"Wyssen Avalanche Control AG\",\"description\":\"\",\"publisher\":{\"@id\":\"https:\\\/\\\/www.wyssenavalanche.com\\\/#organization\"},\"potentialAction\":[{\"@type\":\"SearchAction\",\"target\":{\"@type\":\"EntryPoint\",\"urlTemplate\":\"https:\\\/\\\/www.wyssenavalanche.com\\\/?s={search_term_string}\"},\"query-input\":{\"@type\":\"PropertyValueSpecification\",\"valueRequired\":true,\"valueName\":\"search_term_string\"}}],\"inLanguage\":\"fr-FR\"},{\"@type\":\"Organization\",\"@id\":\"https:\\\/\\\/www.wyssenavalanche.com\\\/#organization\",\"name\":\"Wyssen Avalanche Control AG\",\"url\":\"https:\\\/\\\/www.wyssenavalanche.com\\\/\",\"logo\":{\"@type\":\"ImageObject\",\"inLanguage\":\"fr-FR\",\"@id\":\"https:\\\/\\\/www.wyssenavalanche.com\\\/#\\\/schema\\\/logo\\\/image\\\/\",\"url\":\"https:\\\/\\\/www.wyssenavalanche.com\\\/wp-content\\\/uploads\\\/2021\\\/09\\\/cropped-wyssen_logo_header-1.png\",\"contentUrl\":\"https:\\\/\\\/www.wyssenavalanche.com\\\/wp-content\\\/uploads\\\/2021\\\/09\\\/cropped-wyssen_logo_header-1.png\",\"width\":200,\"height\":31,\"caption\":\"Wyssen Avalanche Control AG\"},\"image\":{\"@id\":\"https:\\\/\\\/www.wyssenavalanche.com\\\/#\\\/schema\\\/logo\\\/image\\\/\"},\"sameAs\":[\"https:\\\/\\\/www.facebook.com\\\/wyssenavalanche\\\/\"]}]}<\/script>\n<!-- \/ Yoast SEO plugin. -->","yoast_head_json":{"title":"Projets de r\u00e9f\u00e9rence &#8226; Wyssen Avalanche","description":"En savoir plus sur nos projets de r\u00e9f\u00e9rence en Suisse, en Autriche, en Andorre, en Norv\u00e8ge, au Canada, aux \u00c9tats-Unis et au Chili.","robots":{"index":"index","follow":"follow","max-snippet":"max-snippet:-1","max-image-preview":"max-image-preview:large","max-video-preview":"max-video-preview:-1"},"canonical":"https:\/\/www.wyssenavalanche.com\/fr\/projets-de-reference\/","og_locale":"fr_FR","og_type":"article","og_title":"Projets de r\u00e9f\u00e9rence &#8226; Wyssen Avalanche","og_description":"En savoir plus sur nos projets de r\u00e9f\u00e9rence en Suisse, en Autriche, en Andorre, en Norv\u00e8ge, au Canada, aux \u00c9tats-Unis et au Chili.","og_url":"https:\/\/www.wyssenavalanche.com\/fr\/projets-de-reference\/","og_site_name":"Wyssen Avalanche","article_publisher":"https:\/\/www.facebook.com\/wyssenavalanche\/","article_modified_time":"2024-04-04T05:58:17+00:00","og_image":[{"url":"https:\/\/www.wyssenavalanche.com\/wp-content\/uploads\/2022\/08\/projekte.jpg","type":"","width":"","height":""}],"schema":{"@context":"https:\/\/schema.org","@graph":[{"@type":"WebPage","@id":"https:\/\/www.wyssenavalanche.com\/fr\/projets-de-reference\/","url":"https:\/\/www.wyssenavalanche.com\/fr\/projets-de-reference\/","name":"Projets de r\u00e9f\u00e9rence &#8226; Wyssen Avalanche","isPartOf":{"@id":"https:\/\/www.wyssenavalanche.com\/#website"},"primaryImageOfPage":{"@id":"https:\/\/www.wyssenavalanche.com\/fr\/projets-de-reference\/#primaryimage"},"image":{"@id":"https:\/\/www.wyssenavalanche.com\/fr\/projets-de-reference\/#primaryimage"},"thumbnailUrl":"https:\/\/www.wyssenavalanche.com\/wp-content\/uploads\/2022\/08\/projekte.jpg","datePublished":"2022-11-29T13:19:07+00:00","dateModified":"2024-04-04T05:58:17+00:00","description":"En savoir plus sur nos projets de r\u00e9f\u00e9rence en Suisse, en Autriche, en Andorre, en Norv\u00e8ge, au Canada, aux \u00c9tats-Unis et au Chili.","breadcrumb":{"@id":"https:\/\/www.wyssenavalanche.com\/fr\/projets-de-reference\/#breadcrumb"},"inLanguage":"fr-FR","potentialAction":[{"@type":"ReadAction","target":["https:\/\/www.wyssenavalanche.com\/fr\/projets-de-reference\/"]}]},{"@type":"ImageObject","inLanguage":"fr-FR","@id":"https:\/\/www.wyssenavalanche.com\/fr\/projets-de-reference\/#primaryimage","url":"https:\/\/www.wyssenavalanche.com\/wp-content\/uploads\/2022\/08\/projekte.jpg","contentUrl":"https:\/\/www.wyssenavalanche.com\/wp-content\/uploads\/2022\/08\/projekte.jpg"},{"@type":"BreadcrumbList","@id":"https:\/\/www.wyssenavalanche.com\/fr\/projets-de-reference\/#breadcrumb","itemListElement":[{"@type":"ListItem","position":1,"name":"Home","item":"https:\/\/www.wyssenavalanche.com\/fr\/wyssen-avalanche-control-ag\/"},{"@type":"ListItem","position":2,"name":"Projets de r\u00e9f\u00e9rence"}]},{"@type":"WebSite","@id":"https:\/\/www.wyssenavalanche.com\/#website","url":"https:\/\/www.wyssenavalanche.com\/","name":"Wyssen Avalanche Control AG","description":"","publisher":{"@id":"https:\/\/www.wyssenavalanche.com\/#organization"},"potentialAction":[{"@type":"SearchAction","target":{"@type":"EntryPoint","urlTemplate":"https:\/\/www.wyssenavalanche.com\/?s={search_term_string}"},"query-input":{"@type":"PropertyValueSpecification","valueRequired":true,"valueName":"search_term_string"}}],"inLanguage":"fr-FR"},{"@type":"Organization","@id":"https:\/\/www.wyssenavalanche.com\/#organization","name":"Wyssen Avalanche Control AG","url":"https:\/\/www.wyssenavalanche.com\/","logo":{"@type":"ImageObject","inLanguage":"fr-FR","@id":"https:\/\/www.wyssenavalanche.com\/#\/schema\/logo\/image\/","url":"https:\/\/www.wyssenavalanche.com\/wp-content\/uploads\/2021\/09\/cropped-wyssen_logo_header-1.png","contentUrl":"https:\/\/www.wyssenavalanche.com\/wp-content\/uploads\/2021\/09\/cropped-wyssen_logo_header-1.png","width":200,"height":31,"caption":"Wyssen Avalanche Control AG"},"image":{"@id":"https:\/\/www.wyssenavalanche.com\/#\/schema\/logo\/image\/"},"sameAs":["https:\/\/www.facebook.com\/wyssenavalanche\/"]}]}},"_links":{"self":[{"href":"https:\/\/www.wyssenavalanche.com\/fr\/wp-json\/wp\/v2\/pages\/30076","targetHints":{"allow":["GET"]}}],"collection":[{"href":"https:\/\/www.wyssenavalanche.com\/fr\/wp-json\/wp\/v2\/pages"}],"about":[{"href":"https:\/\/www.wyssenavalanche.com\/fr\/wp-json\/wp\/v2\/types\/page"}],"author":[{"embeddable":true,"href":"https:\/\/www.wyssenavalanche.com\/fr\/wp-json\/wp\/v2\/users\/10"}],"replies":[{"embeddable":true,"href":"https:\/\/www.wyssenavalanche.com\/fr\/wp-json\/wp\/v2\/comments?post=30076"}],"version-history":[{"count":7,"href":"https:\/\/www.wyssenavalanche.com\/fr\/wp-json\/wp\/v2\/pages\/30076\/revisions"}],"predecessor-version":[{"id":35321,"href":"https:\/\/www.wyssenavalanche.com\/fr\/wp-json\/wp\/v2\/pages\/30076\/revisions\/35321"}],"wp:attachment":[{"href":"https:\/\/www.wyssenavalanche.com\/fr\/wp-json\/wp\/v2\/media?parent=30076"}],"curies":[{"name":"wp","href":"https:\/\/api.w.org\/{rel}","templated":true}]}}