{"id":27263,"date":"2025-10-30T10:04:52","date_gmt":"2025-10-30T08:04:52","guid":{"rendered":"https:\/\/priceless-taussig.185-125-174-90.plesk.page\/?page_id=27263"},"modified":"2025-10-30T10:04:55","modified_gmt":"2025-10-30T08:04:55","slug":"programvare-og-tjenester","status":"publish","type":"page","link":"https:\/\/www.wyssenavalanche.com\/nb\/programvare-og-tjenester\/","title":{"rendered":"Programvare og tjenester"},"content":{"rendered":"\t\t<div data-elementor-type=\"wp-page\" data-elementor-id=\"27263\" class=\"elementor elementor-27263 elementor-27261\" data-elementor-post-type=\"page\">\n\t\t\t\t\t\t<section class=\"elementor-section elementor-top-section elementor-element elementor-element-3b5163e3 elementor-section-stretched elementor-section-boxed elementor-section-height-default elementor-section-height-default\" data-id=\"3b5163e3\" data-element_type=\"section\" data-e-type=\"section\" data-settings=\"{&quot;stretch_section&quot;:&quot;section-stretched&quot;,&quot;background_background&quot;:&quot;classic&quot;}\">\n\t\t\t\t\t\t<div class=\"elementor-container elementor-column-gap-default\">\n\t\t\t\t\t<div class=\"elementor-column elementor-col-100 elementor-top-column elementor-element elementor-element-7de81e46\" data-id=\"7de81e46\" data-element_type=\"column\" data-e-type=\"column\" data-settings=\"{&quot;background_background&quot;:&quot;classic&quot;}\">\n\t\t\t<div class=\"elementor-widget-wrap elementor-element-populated\">\n\t\t\t\t\t\t\t<\/div>\n\t\t<\/div>\n\t\t\t\t\t<\/div>\n\t\t<\/section>\n\t\t\t\t<section class=\"elementor-section elementor-top-section elementor-element elementor-element-5eed51b1 elementor-section-stretched elementor-section-full_width elementor-section-height-default elementor-section-height-default\" data-id=\"5eed51b1\" data-element_type=\"section\" data-e-type=\"section\" data-settings=\"{&quot;stretch_section&quot;:&quot;section-stretched&quot;}\">\n\t\t\t\t\t\t\t<div class=\"elementor-background-overlay\"><\/div>\n\t\t\t\t\t\t\t<div class=\"elementor-container elementor-column-gap-default\">\n\t\t\t\t\t<div class=\"elementor-column elementor-col-100 elementor-top-column elementor-element elementor-element-3e28d356\" data-id=\"3e28d356\" data-element_type=\"column\" data-e-type=\"column\">\n\t\t\t<div class=\"elementor-widget-wrap elementor-element-populated\">\n\t\t\t\t\t\t<div class=\"elementor-element elementor-element-256c1c8c elementor-widget elementor-widget-spacer\" data-id=\"256c1c8c\" data-element_type=\"widget\" data-e-type=\"widget\" data-widget_type=\"spacer.default\">\n\t\t\t\t<div class=\"elementor-widget-container\">\n\t\t\t\t\t\t\t<div class=\"elementor-spacer\">\n\t\t\t<div class=\"elementor-spacer-inner\"><\/div>\n\t\t<\/div>\n\t\t\t\t\t\t<\/div>\n\t\t\t\t<\/div>\n\t\t\t\t<section class=\"elementor-section elementor-inner-section elementor-element elementor-element-6a706df2 elementor-section-boxed elementor-section-height-default elementor-section-height-default\" data-id=\"6a706df2\" data-element_type=\"section\" data-e-type=\"section\">\n\t\t\t\t\t\t<div class=\"elementor-container elementor-column-gap-default\">\n\t\t\t\t\t<div class=\"elementor-column elementor-col-50 elementor-inner-column elementor-element elementor-element-42147360\" data-id=\"42147360\" data-element_type=\"column\" data-e-type=\"column\">\n\t\t\t<div class=\"elementor-widget-wrap elementor-element-populated\">\n\t\t\t\t\t\t<div class=\"elementor-element elementor-element-745a1bf5 elementor-position-top elementor-widget elementor-widget-image-box\" data-id=\"745a1bf5\" data-element_type=\"widget\" data-e-type=\"widget\" data-widget_type=\"image-box.default\">\n\t\t\t\t<div class=\"elementor-widget-container\">\n\t\t\t\t\t<div class=\"elementor-image-box-wrapper\"><figure class=\"elementor-image-box-img\"><a href=\"https:\/\/www.wyssenavalanche.com\/nb\/?page_id=27311\" tabindex=\"-1\"><img fetchpriority=\"high\" decoding=\"async\" width=\"1000\" height=\"1000\" src=\"https:\/\/www.wyssenavalanche.com\/wp-content\/uploads\/2022\/08\/wac.3_cockpit_background.jpg\" class=\"attachment-1536x1536 size-1536x1536 wp-image-22797\" alt=\"\" srcset=\"https:\/\/www.wyssenavalanche.com\/wp-content\/uploads\/2022\/08\/wac.3_cockpit_background.jpg 1000w, https:\/\/www.wyssenavalanche.com\/wp-content\/uploads\/2022\/08\/wac.3_cockpit_background-300x300.jpg 300w, https:\/\/www.wyssenavalanche.com\/wp-content\/uploads\/2022\/08\/wac.3_cockpit_background-150x150.jpg 150w, https:\/\/www.wyssenavalanche.com\/wp-content\/uploads\/2022\/08\/wac.3_cockpit_background-768x768.jpg 768w\" sizes=\"(max-width: 1000px) 100vw, 1000px\" \/><\/a><\/figure><div class=\"elementor-image-box-content\"><h4 class=\"elementor-image-box-title\"><a href=\"https:\/\/www.wyssenavalanche.com\/nb\/?page_id=27311\">WAC.3<sup>\u00ae<\/sup> COCKPIT OG TILLEGGSMODULER<\/a><\/h4><p class=\"elementor-image-box-description\"><br>Integrering av alle teknologier, systemer og informasjon p\u00e5 \u00e9n plattform.<\/p><\/div><\/div>\t\t\t\t<\/div>\n\t\t\t\t<\/div>\n\t\t\t\t\t<\/div>\n\t\t<\/div>\n\t\t\t\t<div class=\"elementor-column elementor-col-50 elementor-inner-column elementor-element elementor-element-55f36bef\" data-id=\"55f36bef\" data-element_type=\"column\" data-e-type=\"column\">\n\t\t\t<div class=\"elementor-widget-wrap elementor-element-populated\">\n\t\t\t\t\t\t<div class=\"elementor-element elementor-element-55c32ae5 elementor-position-top elementor-widget elementor-widget-image-box\" data-id=\"55c32ae5\" data-element_type=\"widget\" data-e-type=\"widget\" data-widget_type=\"image-box.default\">\n\t\t\t\t<div class=\"elementor-widget-container\">\n\t\t\t\t\t<div class=\"elementor-image-box-wrapper\"><figure class=\"elementor-image-box-img\"><a href=\"https:\/\/www.wyssenavalanche.com\/nb\/?page_id=27285\" tabindex=\"-1\"><img decoding=\"async\" width=\"1000\" height=\"1000\" src=\"https:\/\/www.wyssenavalanche.com\/wp-content\/uploads\/2022\/08\/wyssen_risk_solutions_background.jpg\" class=\"attachment-1536x1536 size-1536x1536 wp-image-22794\" alt=\"\" srcset=\"https:\/\/www.wyssenavalanche.com\/wp-content\/uploads\/2022\/08\/wyssen_risk_solutions_background.jpg 1000w, https:\/\/www.wyssenavalanche.com\/wp-content\/uploads\/2022\/08\/wyssen_risk_solutions_background-300x300.jpg 300w, https:\/\/www.wyssenavalanche.com\/wp-content\/uploads\/2022\/08\/wyssen_risk_solutions_background-150x150.jpg 150w, https:\/\/www.wyssenavalanche.com\/wp-content\/uploads\/2022\/08\/wyssen_risk_solutions_background-768x768.jpg 768w\" sizes=\"(max-width: 1000px) 100vw, 1000px\" \/><\/a><\/figure><div class=\"elementor-image-box-content\"><h4 class=\"elementor-image-box-title\"><a href=\"https:\/\/www.wyssenavalanche.com\/nb\/?page_id=27285\">WYSSEN RISK SOLUTIONS<\/a><\/h4><p class=\"elementor-image-box-description\"><br> Wyssen Risk Solutions, st\u00f8tte for helhetlige l\u00f8sninger innen sn\u00f8skredrisikostyring.<\/p><\/div><\/div>\t\t\t\t<\/div>\n\t\t\t\t<\/div>\n\t\t\t\t\t<\/div>\n\t\t<\/div>\n\t\t\t\t\t<\/div>\n\t\t<\/section>\n\t\t\t\t<div class=\"elementor-element elementor-element-5c278e83 elementor-widget elementor-widget-spacer\" data-id=\"5c278e83\" data-element_type=\"widget\" data-e-type=\"widget\" data-widget_type=\"spacer.default\">\n\t\t\t\t<div class=\"elementor-widget-container\">\n\t\t\t\t\t\t\t<div class=\"elementor-spacer\">\n\t\t\t<div class=\"elementor-spacer-inner\"><\/div>\n\t\t<\/div>\n\t\t\t\t\t\t<\/div>\n\t\t\t\t<\/div>\n\t\t\t\t\t<\/div>\n\t\t<\/div>\n\t\t\t\t\t<\/div>\n\t\t<\/section>\n\t\t\t\t<\/div>\n\t\t","protected":false},"excerpt":{"rendered":"<p>WAC.3\u00ae COCKPIT OG TILLEGGSMODULER Integrering av alle teknologier, systemer og informasjon p\u00e5 \u00e9n plattform. WYSSEN RISK SOLUTIONS Wyssen Risk Solutions, st\u00f8tte for helhetlige l\u00f8sninger innen sn\u00f8skredrisikostyring.<\/p>\n","protected":false},"author":10,"featured_media":0,"parent":0,"menu_order":0,"comment_status":"open","ping_status":"closed","template":"","meta":{"site-sidebar-layout":"default","site-content-layout":"","ast-site-content-layout":"default","site-content-style":"default","site-sidebar-style":"default","ast-global-header-display":"","ast-banner-title-visibility":"","ast-main-header-display":"","ast-hfb-above-header-display":"","ast-hfb-below-header-display":"","ast-hfb-mobile-header-display":"","site-post-title":"","ast-breadcrumbs-content":"","ast-featured-img":"","footer-sml-layout":"","ast-disable-related-posts":"","theme-transparent-header-meta":"","adv-header-id-meta":"","stick-header-meta":"","header-above-stick-meta":"","header-main-stick-meta":"","header-below-stick-meta":"","astra-migrate-meta-layouts":"set","ast-page-background-enabled":"default","ast-page-background-meta":{"desktop":{"background-color":"var(--ast-global-color-4)","background-image":"","background-repeat":"repeat","background-position":"center center","background-size":"auto","background-attachment":"scroll","background-type":"","background-media":"","overlay-type":"","overlay-color":"","overlay-opacity":"","overlay-gradient":""},"tablet":{"background-color":"","background-image":"","background-repeat":"repeat","background-position":"center center","background-size":"auto","background-attachment":"scroll","background-type":"","background-media":"","overlay-type":"","overlay-color":"","overlay-opacity":"","overlay-gradient":""},"mobile":{"background-color":"","background-image":"","background-repeat":"repeat","background-position":"center center","background-size":"auto","background-attachment":"scroll","background-type":"","background-media":"","overlay-type":"","overlay-color":"","overlay-opacity":"","overlay-gradient":""}},"ast-content-background-meta":{"desktop":{"background-color":"var(--ast-global-color-5)","background-image":"","background-repeat":"repeat","background-position":"center center","background-size":"auto","background-attachment":"scroll","background-type":"","background-media":"","overlay-type":"","overlay-color":"","overlay-opacity":"","overlay-gradient":""},"tablet":{"background-color":"var(--ast-global-color-5)","background-image":"","background-repeat":"repeat","background-position":"center center","background-size":"auto","background-attachment":"scroll","background-type":"","background-media":"","overlay-type":"","overlay-color":"","overlay-opacity":"","overlay-gradient":""},"mobile":{"background-color":"var(--ast-global-color-5)","background-image":"","background-repeat":"repeat","background-position":"center center","background-size":"auto","background-attachment":"scroll","background-type":"","background-media":"","overlay-type":"","overlay-color":"","overlay-opacity":"","overlay-gradient":""}},"footnotes":""},"class_list":["post-27263","page","type-page","status-publish","hentry"],"yoast_head":"<!-- This site is optimized with the Yoast SEO plugin v27.3 - https:\/\/yoast.com\/product\/yoast-seo-wordpress\/ -->\n<title>Programvare og tjenester &#8226; Wyssen Avalanche<\/title>\n<meta name=\"description\" content=\"Oversikt over v\u00e5r programvare og tjenester for lavinebeskyttelse: WAC.3\u00ae Cockpit og tilleggsmoduler samt Wyssen Risk Solutions.\" \/>\n<meta name=\"robots\" content=\"index, follow, max-snippet:-1, max-image-preview:large, max-video-preview:-1\" \/>\n<link rel=\"canonical\" href=\"https:\/\/www.wyssenavalanche.com\/nb\/programvare-og-tjenester\/\" \/>\n<meta property=\"og:locale\" content=\"nb_NO\" \/>\n<meta property=\"og:type\" content=\"article\" \/>\n<meta property=\"og:title\" content=\"Programvare og tjenester &#8226; Wyssen Avalanche\" \/>\n<meta property=\"og:description\" content=\"Oversikt over v\u00e5r programvare og tjenester for lavinebeskyttelse: WAC.3\u00ae Cockpit og tilleggsmoduler samt Wyssen Risk Solutions.\" \/>\n<meta property=\"og:url\" content=\"https:\/\/www.wyssenavalanche.com\/nb\/programvare-og-tjenester\/\" \/>\n<meta property=\"og:site_name\" content=\"Wyssen Avalanche\" \/>\n<meta property=\"article:publisher\" content=\"https:\/\/www.facebook.com\/wyssenavalanche\/\" \/>\n<meta property=\"article:modified_time\" content=\"2025-10-30T08:04:55+00:00\" \/>\n<meta property=\"og:image\" content=\"https:\/\/www.wyssenavalanche.com\/wp-content\/uploads\/2022\/08\/wac.3_cockpit_background.jpg\" \/>\n<meta name=\"twitter:label1\" content=\"Ansl. lesetid\" \/>\n\t<meta name=\"twitter:data1\" content=\"1 minutt\" \/>\n<script type=\"application\/ld+json\" class=\"yoast-schema-graph\">{\"@context\":\"https:\\\/\\\/schema.org\",\"@graph\":[{\"@type\":\"WebPage\",\"@id\":\"https:\\\/\\\/www.wyssenavalanche.com\\\/nb\\\/programvare-og-tjenester\\\/\",\"url\":\"https:\\\/\\\/www.wyssenavalanche.com\\\/nb\\\/programvare-og-tjenester\\\/\",\"name\":\"Programvare og tjenester &#8226; Wyssen Avalanche\",\"isPartOf\":{\"@id\":\"https:\\\/\\\/www.wyssenavalanche.com\\\/#website\"},\"primaryImageOfPage\":{\"@id\":\"https:\\\/\\\/www.wyssenavalanche.com\\\/nb\\\/programvare-og-tjenester\\\/#primaryimage\"},\"image\":{\"@id\":\"https:\\\/\\\/www.wyssenavalanche.com\\\/nb\\\/programvare-og-tjenester\\\/#primaryimage\"},\"thumbnailUrl\":\"https:\\\/\\\/www.wyssenavalanche.com\\\/wp-content\\\/uploads\\\/2022\\\/08\\\/wac.3_cockpit_background.jpg\",\"datePublished\":\"2025-10-30T08:04:52+00:00\",\"dateModified\":\"2025-10-30T08:04:55+00:00\",\"description\":\"Oversikt over v\u00e5r programvare og tjenester for lavinebeskyttelse: WAC.3\u00ae Cockpit og tilleggsmoduler samt Wyssen Risk Solutions.\",\"breadcrumb\":{\"@id\":\"https:\\\/\\\/www.wyssenavalanche.com\\\/nb\\\/programvare-og-tjenester\\\/#breadcrumb\"},\"inLanguage\":\"nb-NO\",\"potentialAction\":[{\"@type\":\"ReadAction\",\"target\":[\"https:\\\/\\\/www.wyssenavalanche.com\\\/nb\\\/programvare-og-tjenester\\\/\"]}]},{\"@type\":\"ImageObject\",\"inLanguage\":\"nb-NO\",\"@id\":\"https:\\\/\\\/www.wyssenavalanche.com\\\/nb\\\/programvare-og-tjenester\\\/#primaryimage\",\"url\":\"https:\\\/\\\/www.wyssenavalanche.com\\\/wp-content\\\/uploads\\\/2022\\\/08\\\/wac.3_cockpit_background.jpg\",\"contentUrl\":\"https:\\\/\\\/www.wyssenavalanche.com\\\/wp-content\\\/uploads\\\/2022\\\/08\\\/wac.3_cockpit_background.jpg\"},{\"@type\":\"BreadcrumbList\",\"@id\":\"https:\\\/\\\/www.wyssenavalanche.com\\\/nb\\\/programvare-og-tjenester\\\/#breadcrumb\",\"itemListElement\":[{\"@type\":\"ListItem\",\"position\":1,\"name\":\"Home\",\"item\":\"https:\\\/\\\/www.wyssenavalanche.com\\\/nb\\\/wyssen-avalanche-control-ag\\\/\"},{\"@type\":\"ListItem\",\"position\":2,\"name\":\"Programvare og tjenester\"}]},{\"@type\":\"WebSite\",\"@id\":\"https:\\\/\\\/www.wyssenavalanche.com\\\/#website\",\"url\":\"https:\\\/\\\/www.wyssenavalanche.com\\\/\",\"name\":\"Wyssen Avalanche Control AG\",\"description\":\"\",\"publisher\":{\"@id\":\"https:\\\/\\\/www.wyssenavalanche.com\\\/#organization\"},\"potentialAction\":[{\"@type\":\"SearchAction\",\"target\":{\"@type\":\"EntryPoint\",\"urlTemplate\":\"https:\\\/\\\/www.wyssenavalanche.com\\\/?s={search_term_string}\"},\"query-input\":{\"@type\":\"PropertyValueSpecification\",\"valueRequired\":true,\"valueName\":\"search_term_string\"}}],\"inLanguage\":\"nb-NO\"},{\"@type\":\"Organization\",\"@id\":\"https:\\\/\\\/www.wyssenavalanche.com\\\/#organization\",\"name\":\"Wyssen Avalanche Control AG\",\"url\":\"https:\\\/\\\/www.wyssenavalanche.com\\\/\",\"logo\":{\"@type\":\"ImageObject\",\"inLanguage\":\"nb-NO\",\"@id\":\"https:\\\/\\\/www.wyssenavalanche.com\\\/#\\\/schema\\\/logo\\\/image\\\/\",\"url\":\"https:\\\/\\\/www.wyssenavalanche.com\\\/wp-content\\\/uploads\\\/2021\\\/09\\\/cropped-wyssen_logo_header-1.png\",\"contentUrl\":\"https:\\\/\\\/www.wyssenavalanche.com\\\/wp-content\\\/uploads\\\/2021\\\/09\\\/cropped-wyssen_logo_header-1.png\",\"width\":200,\"height\":31,\"caption\":\"Wyssen Avalanche Control AG\"},\"image\":{\"@id\":\"https:\\\/\\\/www.wyssenavalanche.com\\\/#\\\/schema\\\/logo\\\/image\\\/\"},\"sameAs\":[\"https:\\\/\\\/www.facebook.com\\\/wyssenavalanche\\\/\"]}]}<\/script>\n<!-- \/ Yoast SEO plugin. -->","yoast_head_json":{"title":"Programvare og tjenester &#8226; Wyssen Avalanche","description":"Oversikt over v\u00e5r programvare og tjenester for lavinebeskyttelse: WAC.3\u00ae Cockpit og tilleggsmoduler samt Wyssen Risk Solutions.","robots":{"index":"index","follow":"follow","max-snippet":"max-snippet:-1","max-image-preview":"max-image-preview:large","max-video-preview":"max-video-preview:-1"},"canonical":"https:\/\/www.wyssenavalanche.com\/nb\/programvare-og-tjenester\/","og_locale":"nb_NO","og_type":"article","og_title":"Programvare og tjenester &#8226; Wyssen Avalanche","og_description":"Oversikt over v\u00e5r programvare og tjenester for lavinebeskyttelse: WAC.3\u00ae Cockpit og tilleggsmoduler samt Wyssen Risk Solutions.","og_url":"https:\/\/www.wyssenavalanche.com\/nb\/programvare-og-tjenester\/","og_site_name":"Wyssen Avalanche","article_publisher":"https:\/\/www.facebook.com\/wyssenavalanche\/","article_modified_time":"2025-10-30T08:04:55+00:00","og_image":[{"url":"https:\/\/www.wyssenavalanche.com\/wp-content\/uploads\/2022\/08\/wac.3_cockpit_background.jpg","type":"","width":"","height":""}],"twitter_misc":{"Ansl. lesetid":"1 minutt"},"schema":{"@context":"https:\/\/schema.org","@graph":[{"@type":"WebPage","@id":"https:\/\/www.wyssenavalanche.com\/nb\/programvare-og-tjenester\/","url":"https:\/\/www.wyssenavalanche.com\/nb\/programvare-og-tjenester\/","name":"Programvare og tjenester &#8226; Wyssen Avalanche","isPartOf":{"@id":"https:\/\/www.wyssenavalanche.com\/#website"},"primaryImageOfPage":{"@id":"https:\/\/www.wyssenavalanche.com\/nb\/programvare-og-tjenester\/#primaryimage"},"image":{"@id":"https:\/\/www.wyssenavalanche.com\/nb\/programvare-og-tjenester\/#primaryimage"},"thumbnailUrl":"https:\/\/www.wyssenavalanche.com\/wp-content\/uploads\/2022\/08\/wac.3_cockpit_background.jpg","datePublished":"2025-10-30T08:04:52+00:00","dateModified":"2025-10-30T08:04:55+00:00","description":"Oversikt over v\u00e5r programvare og tjenester for lavinebeskyttelse: WAC.3\u00ae Cockpit og tilleggsmoduler samt Wyssen Risk Solutions.","breadcrumb":{"@id":"https:\/\/www.wyssenavalanche.com\/nb\/programvare-og-tjenester\/#breadcrumb"},"inLanguage":"nb-NO","potentialAction":[{"@type":"ReadAction","target":["https:\/\/www.wyssenavalanche.com\/nb\/programvare-og-tjenester\/"]}]},{"@type":"ImageObject","inLanguage":"nb-NO","@id":"https:\/\/www.wyssenavalanche.com\/nb\/programvare-og-tjenester\/#primaryimage","url":"https:\/\/www.wyssenavalanche.com\/wp-content\/uploads\/2022\/08\/wac.3_cockpit_background.jpg","contentUrl":"https:\/\/www.wyssenavalanche.com\/wp-content\/uploads\/2022\/08\/wac.3_cockpit_background.jpg"},{"@type":"BreadcrumbList","@id":"https:\/\/www.wyssenavalanche.com\/nb\/programvare-og-tjenester\/#breadcrumb","itemListElement":[{"@type":"ListItem","position":1,"name":"Home","item":"https:\/\/www.wyssenavalanche.com\/nb\/wyssen-avalanche-control-ag\/"},{"@type":"ListItem","position":2,"name":"Programvare og tjenester"}]},{"@type":"WebSite","@id":"https:\/\/www.wyssenavalanche.com\/#website","url":"https:\/\/www.wyssenavalanche.com\/","name":"Wyssen Avalanche Control AG","description":"","publisher":{"@id":"https:\/\/www.wyssenavalanche.com\/#organization"},"potentialAction":[{"@type":"SearchAction","target":{"@type":"EntryPoint","urlTemplate":"https:\/\/www.wyssenavalanche.com\/?s={search_term_string}"},"query-input":{"@type":"PropertyValueSpecification","valueRequired":true,"valueName":"search_term_string"}}],"inLanguage":"nb-NO"},{"@type":"Organization","@id":"https:\/\/www.wyssenavalanche.com\/#organization","name":"Wyssen Avalanche Control AG","url":"https:\/\/www.wyssenavalanche.com\/","logo":{"@type":"ImageObject","inLanguage":"nb-NO","@id":"https:\/\/www.wyssenavalanche.com\/#\/schema\/logo\/image\/","url":"https:\/\/www.wyssenavalanche.com\/wp-content\/uploads\/2021\/09\/cropped-wyssen_logo_header-1.png","contentUrl":"https:\/\/www.wyssenavalanche.com\/wp-content\/uploads\/2021\/09\/cropped-wyssen_logo_header-1.png","width":200,"height":31,"caption":"Wyssen Avalanche Control AG"},"image":{"@id":"https:\/\/www.wyssenavalanche.com\/#\/schema\/logo\/image\/"},"sameAs":["https:\/\/www.facebook.com\/wyssenavalanche\/"]}]}},"_links":{"self":[{"href":"https:\/\/www.wyssenavalanche.com\/nb\/wp-json\/wp\/v2\/pages\/27263","targetHints":{"allow":["GET"]}}],"collection":[{"href":"https:\/\/www.wyssenavalanche.com\/nb\/wp-json\/wp\/v2\/pages"}],"about":[{"href":"https:\/\/www.wyssenavalanche.com\/nb\/wp-json\/wp\/v2\/types\/page"}],"author":[{"embeddable":true,"href":"https:\/\/www.wyssenavalanche.com\/nb\/wp-json\/wp\/v2\/users\/10"}],"replies":[{"embeddable":true,"href":"https:\/\/www.wyssenavalanche.com\/nb\/wp-json\/wp\/v2\/comments?post=27263"}],"version-history":[{"count":5,"href":"https:\/\/www.wyssenavalanche.com\/nb\/wp-json\/wp\/v2\/pages\/27263\/revisions"}],"predecessor-version":[{"id":40312,"href":"https:\/\/www.wyssenavalanche.com\/nb\/wp-json\/wp\/v2\/pages\/27263\/revisions\/40312"}],"wp:attachment":[{"href":"https:\/\/www.wyssenavalanche.com\/nb\/wp-json\/wp\/v2\/media?parent=27263"}],"curies":[{"name":"wp","href":"https:\/\/api.w.org\/{rel}","templated":true}]}}