{"id":27285,"date":"2025-10-30T09:40:26","date_gmt":"2025-10-30T07:40:26","guid":{"rendered":"https:\/\/priceless-taussig.185-125-174-90.plesk.page\/?page_id=27285"},"modified":"2025-10-30T09:40:29","modified_gmt":"2025-10-30T07:40:29","slug":"wyssen-risk-solutions-totallosning-for-snoskredsikring","status":"publish","type":"page","link":"https:\/\/www.wyssenavalanche.com\/nb\/programvare-og-tjenester\/wyssen-risk-solutions-totallosning-for-snoskredsikring\/","title":{"rendered":"Wyssen Risk Solutions \u2013 Totall\u00f8sning for sn\u00f8skredsikring"},"content":{"rendered":"<p>[mk_page_section][layerslider id=&raquo;31&#8243;][\/mk_page_section][mk_padding_divider size=&raquo;60&#8243;]Sikring mot sn\u00f8skred krever kunnskap og ressurser. Behov for sikringstiltak m\u00e5 identifiseres og <strong>planlegging<\/strong> med risikoanalyse, kostnads-\/effektivitetsanalyse m\u00e5 gjennomf\u00f8res. Det m\u00e5 velges passende system for sn\u00f8skredkontroll, og det m\u00e5 utarbeides et sikkerhets- og kommunikasjonskonsept med godkjenningsprosedyrer. I <strong>realiseringsfasen<\/strong> dreier det seg om \u00e5 finansiere og implementere tiltakene. Entrepren\u00f8rer og leverand\u00f8rer tildeles oppdrag, anskaffelse, installasjon og igangsetting av anleggene. Det m\u00e5 organiseres skolering av en skredfaglig avdeling som vil drifte anlegget. <strong>Driftsfasen<\/strong> vil best\u00e5 av datainnsamling, situasjonsanalyse med risikovurdering og midlertidige sikringstiltak som avsperring, evakuering, sn\u00f8skredkontroll og oppheving av tiltakene. Omfattende dokumentasjon og datainnsamling er n\u00f8dvendig for \u00e5 kunne kvalitetssikre og dokumentere besluttningsgrunnlaget. Vedlikehold og reparasjon av systemene krever h\u00f8y kompetanse og kunnskap om produktene.<\/p>\n<p>Dette er store og krevende oppgaver som kan virke vanskelige \u00e5 gjennomf\u00f8re. Wyssen Risk Solutions kan tilby totall\u00f8sninger for skredsikring. Vi setter sammen et team av fagfolk med lang erfaring i faget, og som kjenner de lokale forholdene. Sammen vil disse utf\u00f8re oppgavene og \u00f8ke sannsynligheten for at menneskeliv eller verdier ikke g\u00e5r tapt.[mk_padding_divider size=&raquo;20&#8243;]<\/p>\n<h4>Wyssen Risk Solutions, din partner for totall\u00f8sninger og risikostyring av skredfare. Vi tilbyr forskjellige moduler og setter sammen et individuelt tilbud som passer behovet.<\/h4>\n<p>[mk_image src=&raquo;https:\/\/www.wyssenavalanche.com\/wp-content\/uploads\/2018\/08\/wyssen-risk-solutions-field.jpg&raquo; image_size=&raquo;medium&raquo;][mk_padding_divider size=&raquo;10&#8243;][mk_image src=&raquo;https:\/\/www.wyssenavalanche.com\/wp-content\/uploads\/2018\/08\/wyssen-risk-solutions-field3.jpg&raquo; image_size=&raquo;medium&raquo;][mk_padding_divider size=&raquo;10&#8243;][mk_image src=&raquo;https:\/\/www.wyssenavalanche.com\/wp-content\/uploads\/2018\/08\/wyssen-risk-solutions-field2.jpg&raquo; image_size=&raquo;medium&raquo;][mk_page_section bg_position=&raquo;center center&raquo; color_mask=&raquo;#fcfcfc&raquo; padding=&raquo;0&#8243;][mk_padding_divider size=&raquo;20&#8243;][mk_image src=&raquo;https:\/\/www.wyssenavalanche.com\/wp-content\/uploads\/2018\/09\/wyssen-risk-solution-pyramide_no.jpg&raquo; image_height=&raquo;600&#8243; group=&raquo;_general&raquo; hover=&raquo;false&raquo;][mk_padding_divider]Last ned produktdataark:[mk_button size=&raquo;medium&raquo; url=&raquo;https:\/\/www.wyssenavalanche.com\/wp-content\/uploads\/2019\/07\/wyssen-risk-solutions_no.pdf&raquo; target=&raquo;_blank&raquo;]Wyssen Risk Solutions[\/mk_button][mk_padding_divider size=&raquo;30&#8243;][\/mk_page_section][mk_page_section bg_image=&raquo;https:\/\/www.wyssenavalanche.com\/wp-content\/uploads\/2014\/05\/NO-Tyin-Hintergrundbild-2.jpg&raquo; bg_color=&raquo;#ffffff&raquo; attachment=&raquo;fixed&raquo; bg_position=&raquo;center center&raquo; bg_stretch=&raquo;true&raquo; video_mask=&raquo;true&raquo; bg_gradient=&raquo;vertical&raquo; video_color_mask=&raquo;#ffffff&raquo; gr_end=&raquo;#ffffff&raquo; video_opacity=&raquo;0.5&#8243; full_height=&raquo;true&raquo; mask=&raquo;true&raquo; color_mask=&raquo;#ffffff&raquo; mask_opacity=&raquo;0.5&#8243; padding=&raquo;0&#8243; sidebar=&raquo;sidebar-1&#8243;][mk_padding_divider size=&raquo;60&#8243;][mk_icon_box icon=&raquo;mk-li-like&raquo; style=&raquo;simple_ultimate&raquo; icon_size=&raquo;large&raquo; icon_location=&raquo;top&raquo; icon_color=&raquo;#1a4175&#8243; icon_align=&raquo;top&raquo; p_line_height=&raquo;0&#8243;][\/mk_icon_box]<\/p>\n<h3>V\u00e5retjenester<\/h3>\n<p>[mk_padding_divider]<\/p>\n<h4><strong>Teknisk utstyr<\/strong><\/h4>\n<p>Systemer for sn\u00f8skredkontroll, v\u00e6rstasjoner, detekteringssystemer, service[mk_padding_divider size=&raquo;20&#8243;]<\/p>\n<h4><strong>Drift av anleggene<\/strong><\/h4>\n<p>Etterfylling, transport, lagring[mk_padding_divider size=&raquo;20&#8243;]<\/p>\n<h4><strong>Betjening av<\/strong><strong> a<\/strong><strong>nleggene<\/strong><\/h4>\n<p>Utf\u00f8relse av sn\u00f8skredkontroll[mk_padding_divider size=&raquo;20&#8243;]<\/p>\n<h4>Skredfaglig avdeling<\/h4>\n<p>Utarbeidelse av sn\u00f8skredvarsel stengning, dokumentasjon[mk_padding_divider size=&raquo;20&#8243;]<\/p>\n<h4>Finansiering<\/h4>\n<p>Anlegg og drift[mk_padding_divider size=&raquo;20&#8243;]<\/p>\n<h4>Planlegging<\/h4>\n<p>Utarbeiding av et individuelt konsept for ditt omr\u00e5de[mk_padding_divider size=&raquo;20&#8243;][\/mk_page_section][mk_page_section bg_image=&raquo;https:\/\/www.wyssenavalanche.com\/wp-content\/uploads\/2018\/08\/wyssen-risk-solutions-background3.jpg&raquo; attachment=&raquo;fixed&raquo; sidebar=&raquo;sidebar-1&#8243;][mk_padding_divider size=&raquo;1000&#8243;][\/mk_page_section]<\/p>\n","protected":false},"excerpt":{"rendered":"<p>[mk_page_section][layerslider id=&raquo;31&#8243;][\/mk_page_section][mk_padding_divider size=&raquo;60&#8243;]Sikring mot sn\u00f8skred krever kunnskap og ressurser. Behov for sikringstiltak m\u00e5 identifiseres og planlegging med risikoanalyse, kostnads-\/effektivitetsanalyse m\u00e5 gjennomf\u00f8res. Det m\u00e5 velges passende system for sn\u00f8skredkontroll, og det m\u00e5 utarbeides et sikkerhets- og kommunikasjonskonsept med godkjenningsprosedyrer. I realiseringsfasen dreier det seg om \u00e5 finansiere og implementere tiltakene. Entrepren\u00f8rer og leverand\u00f8rer tildeles oppdrag, anskaffelse, [&hellip;]<\/p>\n","protected":false},"author":10,"featured_media":0,"parent":27263,"menu_order":0,"comment_status":"open","ping_status":"closed","template":"","meta":{"site-sidebar-layout":"default","site-content-layout":"","ast-site-content-layout":"default","site-content-style":"default","site-sidebar-style":"default","ast-global-header-display":"","ast-banner-title-visibility":"","ast-main-header-display":"","ast-hfb-above-header-display":"","ast-hfb-below-header-display":"","ast-hfb-mobile-header-display":"","site-post-title":"","ast-breadcrumbs-content":"","ast-featured-img":"","footer-sml-layout":"","ast-disable-related-posts":"","theme-transparent-header-meta":"","adv-header-id-meta":"","stick-header-meta":"","header-above-stick-meta":"","header-main-stick-meta":"","header-below-stick-meta":"","astra-migrate-meta-layouts":"set","ast-page-background-enabled":"default","ast-page-background-meta":{"desktop":{"background-color":"var(--ast-global-color-4)","background-image":"","background-repeat":"repeat","background-position":"center center","background-size":"auto","background-attachment":"scroll","background-type":"","background-media":"","overlay-type":"","overlay-color":"","overlay-opacity":"","overlay-gradient":""},"tablet":{"background-color":"","background-image":"","background-repeat":"repeat","background-position":"center center","background-size":"auto","background-attachment":"scroll","background-type":"","background-media":"","overlay-type":"","overlay-color":"","overlay-opacity":"","overlay-gradient":""},"mobile":{"background-color":"","background-image":"","background-repeat":"repeat","background-position":"center center","background-size":"auto","background-attachment":"scroll","background-type":"","background-media":"","overlay-type":"","overlay-color":"","overlay-opacity":"","overlay-gradient":""}},"ast-content-background-meta":{"desktop":{"background-color":"var(--ast-global-color-5)","background-image":"","background-repeat":"repeat","background-position":"center center","background-size":"auto","background-attachment":"scroll","background-type":"","background-media":"","overlay-type":"","overlay-color":"","overlay-opacity":"","overlay-gradient":""},"tablet":{"background-color":"var(--ast-global-color-5)","background-image":"","background-repeat":"repeat","background-position":"center center","background-size":"auto","background-attachment":"scroll","background-type":"","background-media":"","overlay-type":"","overlay-color":"","overlay-opacity":"","overlay-gradient":""},"mobile":{"background-color":"var(--ast-global-color-5)","background-image":"","background-repeat":"repeat","background-position":"center center","background-size":"auto","background-attachment":"scroll","background-type":"","background-media":"","overlay-type":"","overlay-color":"","overlay-opacity":"","overlay-gradient":""}},"footnotes":""},"class_list":["post-27285","page","type-page","status-publish","hentry"],"yoast_head":"<!-- This site is optimized with the Yoast SEO plugin v27.4 - https:\/\/yoast.com\/product\/yoast-seo-wordpress\/ -->\n<title>Wyssen Risk Solutions \u2013 Totall\u00f8sning for sn\u00f8skredsikring &#8226; Wyssen Avalanche<\/title>\n<meta name=\"robots\" content=\"index, follow, max-snippet:-1, max-image-preview:large, max-video-preview:-1\" \/>\n<link rel=\"canonical\" href=\"https:\/\/www.wyssenavalanche.com\/nb\/programvare-og-tjenester\/wyssen-risk-solutions-totallosning-for-snoskredsikring\/\" \/>\n<meta property=\"og:locale\" content=\"nb_NO\" \/>\n<meta property=\"og:type\" content=\"article\" \/>\n<meta property=\"og:title\" content=\"Wyssen Risk Solutions \u2013 Totall\u00f8sning for sn\u00f8skredsikring &#8226; Wyssen Avalanche\" \/>\n<meta property=\"og:description\" content=\"[mk_page_section][layerslider id=&raquo;31&#8243;][\/mk_page_section][mk_padding_divider size=&raquo;60&#8243;]Sikring mot sn\u00f8skred krever kunnskap og ressurser. Behov for sikringstiltak m\u00e5 identifiseres og planlegging med risikoanalyse, kostnads-\/effektivitetsanalyse m\u00e5 gjennomf\u00f8res. Det m\u00e5 velges passende system for sn\u00f8skredkontroll, og det m\u00e5 utarbeides et sikkerhets- og kommunikasjonskonsept med godkjenningsprosedyrer. I realiseringsfasen dreier det seg om \u00e5 finansiere og implementere tiltakene. Entrepren\u00f8rer og leverand\u00f8rer tildeles oppdrag, anskaffelse, [&hellip;]\" \/>\n<meta property=\"og:url\" content=\"https:\/\/www.wyssenavalanche.com\/nb\/programvare-og-tjenester\/wyssen-risk-solutions-totallosning-for-snoskredsikring\/\" \/>\n<meta property=\"og:site_name\" content=\"Wyssen Avalanche\" \/>\n<meta property=\"article:publisher\" content=\"https:\/\/www.facebook.com\/wyssenavalanche\/\" \/>\n<meta property=\"article:modified_time\" content=\"2025-10-30T07:40:29+00:00\" \/>\n<meta property=\"og:image\" content=\"https:\/\/www.wyssenavalanche.com\/wp-content\/uploads\/2022\/10\/alta_1.jpg\" \/>\n\t<meta property=\"og:image:width\" content=\"1440\" \/>\n\t<meta property=\"og:image:height\" content=\"1920\" \/>\n\t<meta property=\"og:image:type\" content=\"image\/jpeg\" \/>\n<meta name=\"twitter:label1\" content=\"Ansl. lesetid\" \/>\n\t<meta name=\"twitter:data1\" content=\"2 minutter\" \/>\n<script type=\"application\/ld+json\" class=\"yoast-schema-graph\">{\"@context\":\"https:\\\/\\\/schema.org\",\"@graph\":[{\"@type\":\"WebPage\",\"@id\":\"https:\\\/\\\/www.wyssenavalanche.com\\\/nb\\\/programvare-og-tjenester\\\/wyssen-risk-solutions-totallosning-for-snoskredsikring\\\/\",\"url\":\"https:\\\/\\\/www.wyssenavalanche.com\\\/nb\\\/programvare-og-tjenester\\\/wyssen-risk-solutions-totallosning-for-snoskredsikring\\\/\",\"name\":\"Wyssen Risk Solutions \u2013 Totall\u00f8sning for sn\u00f8skredsikring &#8226; Wyssen Avalanche\",\"isPartOf\":{\"@id\":\"https:\\\/\\\/www.wyssenavalanche.com\\\/#website\"},\"datePublished\":\"2025-10-30T07:40:26+00:00\",\"dateModified\":\"2025-10-30T07:40:29+00:00\",\"breadcrumb\":{\"@id\":\"https:\\\/\\\/www.wyssenavalanche.com\\\/nb\\\/programvare-og-tjenester\\\/wyssen-risk-solutions-totallosning-for-snoskredsikring\\\/#breadcrumb\"},\"inLanguage\":\"nb-NO\",\"potentialAction\":[{\"@type\":\"ReadAction\",\"target\":[\"https:\\\/\\\/www.wyssenavalanche.com\\\/nb\\\/programvare-og-tjenester\\\/wyssen-risk-solutions-totallosning-for-snoskredsikring\\\/\"]}]},{\"@type\":\"BreadcrumbList\",\"@id\":\"https:\\\/\\\/www.wyssenavalanche.com\\\/nb\\\/programvare-og-tjenester\\\/wyssen-risk-solutions-totallosning-for-snoskredsikring\\\/#breadcrumb\",\"itemListElement\":[{\"@type\":\"ListItem\",\"position\":1,\"name\":\"Home\",\"item\":\"https:\\\/\\\/www.wyssenavalanche.com\\\/nb\\\/wyssen-avalanche-control-ag\\\/\"},{\"@type\":\"ListItem\",\"position\":2,\"name\":\"Programvare og tjenester\",\"item\":\"https:\\\/\\\/www.wyssenavalanche.com\\\/nb\\\/programvare-og-tjenester\\\/\"},{\"@type\":\"ListItem\",\"position\":3,\"name\":\"Wyssen Risk Solutions \u2013 Totall\u00f8sning for sn\u00f8skredsikring\"}]},{\"@type\":\"WebSite\",\"@id\":\"https:\\\/\\\/www.wyssenavalanche.com\\\/#website\",\"url\":\"https:\\\/\\\/www.wyssenavalanche.com\\\/\",\"name\":\"Wyssen Avalanche Control AG\",\"description\":\"\",\"publisher\":{\"@id\":\"https:\\\/\\\/www.wyssenavalanche.com\\\/#organization\"},\"potentialAction\":[{\"@type\":\"SearchAction\",\"target\":{\"@type\":\"EntryPoint\",\"urlTemplate\":\"https:\\\/\\\/www.wyssenavalanche.com\\\/?s={search_term_string}\"},\"query-input\":{\"@type\":\"PropertyValueSpecification\",\"valueRequired\":true,\"valueName\":\"search_term_string\"}}],\"inLanguage\":\"nb-NO\"},{\"@type\":\"Organization\",\"@id\":\"https:\\\/\\\/www.wyssenavalanche.com\\\/#organization\",\"name\":\"Wyssen Avalanche Control AG\",\"url\":\"https:\\\/\\\/www.wyssenavalanche.com\\\/\",\"logo\":{\"@type\":\"ImageObject\",\"inLanguage\":\"nb-NO\",\"@id\":\"https:\\\/\\\/www.wyssenavalanche.com\\\/#\\\/schema\\\/logo\\\/image\\\/\",\"url\":\"https:\\\/\\\/www.wyssenavalanche.com\\\/wp-content\\\/uploads\\\/2021\\\/09\\\/cropped-wyssen_logo_header-1.png\",\"contentUrl\":\"https:\\\/\\\/www.wyssenavalanche.com\\\/wp-content\\\/uploads\\\/2021\\\/09\\\/cropped-wyssen_logo_header-1.png\",\"width\":200,\"height\":31,\"caption\":\"Wyssen Avalanche Control AG\"},\"image\":{\"@id\":\"https:\\\/\\\/www.wyssenavalanche.com\\\/#\\\/schema\\\/logo\\\/image\\\/\"},\"sameAs\":[\"https:\\\/\\\/www.facebook.com\\\/wyssenavalanche\\\/\"]}]}<\/script>\n<!-- \/ Yoast SEO plugin. -->","yoast_head_json":{"title":"Wyssen Risk Solutions \u2013 Totall\u00f8sning for sn\u00f8skredsikring &#8226; Wyssen Avalanche","robots":{"index":"index","follow":"follow","max-snippet":"max-snippet:-1","max-image-preview":"max-image-preview:large","max-video-preview":"max-video-preview:-1"},"canonical":"https:\/\/www.wyssenavalanche.com\/nb\/programvare-og-tjenester\/wyssen-risk-solutions-totallosning-for-snoskredsikring\/","og_locale":"nb_NO","og_type":"article","og_title":"Wyssen Risk Solutions \u2013 Totall\u00f8sning for sn\u00f8skredsikring &#8226; Wyssen Avalanche","og_description":"[mk_page_section][layerslider id=&raquo;31&#8243;][\/mk_page_section][mk_padding_divider size=&raquo;60&#8243;]Sikring mot sn\u00f8skred krever kunnskap og ressurser. Behov for sikringstiltak m\u00e5 identifiseres og planlegging med risikoanalyse, kostnads-\/effektivitetsanalyse m\u00e5 gjennomf\u00f8res. Det m\u00e5 velges passende system for sn\u00f8skredkontroll, og det m\u00e5 utarbeides et sikkerhets- og kommunikasjonskonsept med godkjenningsprosedyrer. I realiseringsfasen dreier det seg om \u00e5 finansiere og implementere tiltakene. Entrepren\u00f8rer og leverand\u00f8rer tildeles oppdrag, anskaffelse, [&hellip;]","og_url":"https:\/\/www.wyssenavalanche.com\/nb\/programvare-og-tjenester\/wyssen-risk-solutions-totallosning-for-snoskredsikring\/","og_site_name":"Wyssen Avalanche","article_publisher":"https:\/\/www.facebook.com\/wyssenavalanche\/","article_modified_time":"2025-10-30T07:40:29+00:00","og_image":[{"width":1440,"height":1920,"url":"https:\/\/www.wyssenavalanche.com\/wp-content\/uploads\/2022\/10\/alta_1.jpg","type":"image\/jpeg"}],"twitter_misc":{"Ansl. lesetid":"2 minutter"},"schema":{"@context":"https:\/\/schema.org","@graph":[{"@type":"WebPage","@id":"https:\/\/www.wyssenavalanche.com\/nb\/programvare-og-tjenester\/wyssen-risk-solutions-totallosning-for-snoskredsikring\/","url":"https:\/\/www.wyssenavalanche.com\/nb\/programvare-og-tjenester\/wyssen-risk-solutions-totallosning-for-snoskredsikring\/","name":"Wyssen Risk Solutions \u2013 Totall\u00f8sning for sn\u00f8skredsikring &#8226; Wyssen Avalanche","isPartOf":{"@id":"https:\/\/www.wyssenavalanche.com\/#website"},"datePublished":"2025-10-30T07:40:26+00:00","dateModified":"2025-10-30T07:40:29+00:00","breadcrumb":{"@id":"https:\/\/www.wyssenavalanche.com\/nb\/programvare-og-tjenester\/wyssen-risk-solutions-totallosning-for-snoskredsikring\/#breadcrumb"},"inLanguage":"nb-NO","potentialAction":[{"@type":"ReadAction","target":["https:\/\/www.wyssenavalanche.com\/nb\/programvare-og-tjenester\/wyssen-risk-solutions-totallosning-for-snoskredsikring\/"]}]},{"@type":"BreadcrumbList","@id":"https:\/\/www.wyssenavalanche.com\/nb\/programvare-og-tjenester\/wyssen-risk-solutions-totallosning-for-snoskredsikring\/#breadcrumb","itemListElement":[{"@type":"ListItem","position":1,"name":"Home","item":"https:\/\/www.wyssenavalanche.com\/nb\/wyssen-avalanche-control-ag\/"},{"@type":"ListItem","position":2,"name":"Programvare og tjenester","item":"https:\/\/www.wyssenavalanche.com\/nb\/programvare-og-tjenester\/"},{"@type":"ListItem","position":3,"name":"Wyssen Risk Solutions \u2013 Totall\u00f8sning for sn\u00f8skredsikring"}]},{"@type":"WebSite","@id":"https:\/\/www.wyssenavalanche.com\/#website","url":"https:\/\/www.wyssenavalanche.com\/","name":"Wyssen Avalanche Control AG","description":"","publisher":{"@id":"https:\/\/www.wyssenavalanche.com\/#organization"},"potentialAction":[{"@type":"SearchAction","target":{"@type":"EntryPoint","urlTemplate":"https:\/\/www.wyssenavalanche.com\/?s={search_term_string}"},"query-input":{"@type":"PropertyValueSpecification","valueRequired":true,"valueName":"search_term_string"}}],"inLanguage":"nb-NO"},{"@type":"Organization","@id":"https:\/\/www.wyssenavalanche.com\/#organization","name":"Wyssen Avalanche Control AG","url":"https:\/\/www.wyssenavalanche.com\/","logo":{"@type":"ImageObject","inLanguage":"nb-NO","@id":"https:\/\/www.wyssenavalanche.com\/#\/schema\/logo\/image\/","url":"https:\/\/www.wyssenavalanche.com\/wp-content\/uploads\/2021\/09\/cropped-wyssen_logo_header-1.png","contentUrl":"https:\/\/www.wyssenavalanche.com\/wp-content\/uploads\/2021\/09\/cropped-wyssen_logo_header-1.png","width":200,"height":31,"caption":"Wyssen Avalanche Control AG"},"image":{"@id":"https:\/\/www.wyssenavalanche.com\/#\/schema\/logo\/image\/"},"sameAs":["https:\/\/www.facebook.com\/wyssenavalanche\/"]}]}},"_links":{"self":[{"href":"https:\/\/www.wyssenavalanche.com\/nb\/wp-json\/wp\/v2\/pages\/27285","targetHints":{"allow":["GET"]}}],"collection":[{"href":"https:\/\/www.wyssenavalanche.com\/nb\/wp-json\/wp\/v2\/pages"}],"about":[{"href":"https:\/\/www.wyssenavalanche.com\/nb\/wp-json\/wp\/v2\/types\/page"}],"author":[{"embeddable":true,"href":"https:\/\/www.wyssenavalanche.com\/nb\/wp-json\/wp\/v2\/users\/10"}],"replies":[{"embeddable":true,"href":"https:\/\/www.wyssenavalanche.com\/nb\/wp-json\/wp\/v2\/comments?post=27285"}],"version-history":[{"count":1,"href":"https:\/\/www.wyssenavalanche.com\/nb\/wp-json\/wp\/v2\/pages\/27285\/revisions"}],"predecessor-version":[{"id":40279,"href":"https:\/\/www.wyssenavalanche.com\/nb\/wp-json\/wp\/v2\/pages\/27285\/revisions\/40279"}],"up":[{"embeddable":true,"href":"https:\/\/www.wyssenavalanche.com\/nb\/wp-json\/wp\/v2\/pages\/27263"}],"wp:attachment":[{"href":"https:\/\/www.wyssenavalanche.com\/nb\/wp-json\/wp\/v2\/media?parent=27285"}],"curies":[{"name":"wp","href":"https:\/\/api.w.org\/{rel}","templated":true}]}}